{"id":51813,"date":"2022-03-03T08:41:39","date_gmt":"2022-03-03T08:41:39","guid":{"rendered":"https:\/\/excavacionsiluro.com\/?page_id=51813"},"modified":"2022-03-18T13:38:50","modified_gmt":"2022-03-18T13:38:50","slug":"proyectos","status":"publish","type":"page","link":"https:\/\/excavacionsiluro.com\/es\/proyectos\/","title":{"rendered":"Proyectos"},"content":{"rendered":"\t\t<div data-elementor-type=\"wp-page\" data-elementor-id=\"51813\" class=\"elementor elementor-51813 elementor-51812\" data-elementor-post-type=\"page\">\n\t\t\t\t\t\t<section class=\"elementor-section elementor-top-section elementor-element elementor-element-0cccabf elementor-section-boxed elementor-section-height-default elementor-section-height-default\" data-id=\"0cccabf\" data-element_type=\"section\">\n\t\t\t\t\t\t<div class=\"elementor-container elementor-column-gap-default\">\n\t\t\t\t\t<div class=\"elementor-column elementor-col-100 elementor-top-column elementor-element elementor-element-06e51ec\" data-id=\"06e51ec\" data-element_type=\"column\">\n\t\t\t<div class=\"elementor-widget-wrap elementor-element-populated\">\n\t\t\t\t\t\t<div class=\"elementor-element elementor-element-05f3fc3 elementor-widget elementor-widget-heading\" data-id=\"05f3fc3\" data-element_type=\"widget\" data-widget_type=\"heading.default\">\n\t\t\t\t<div class=\"elementor-widget-container\">\n\t\t\t<h1 class=\"elementor-heading-title elementor-size-default\">Proyectos<\/h1>\t\t<\/div>\n\t\t\t\t<\/div>\n\t\t\t\t\t<\/div>\n\t\t<\/div>\n\t\t\t\t\t<\/div>\n\t\t<\/section>\n\t\t\t\t<section class=\"elementor-section elementor-top-section elementor-element elementor-element-71317ef elementor-section-boxed elementor-section-height-default elementor-section-height-default\" data-id=\"71317ef\" data-element_type=\"section\">\n\t\t\t\t\t\t<div class=\"elementor-container elementor-column-gap-default\">\n\t\t\t\t\t<div class=\"elementor-column elementor-col-100 elementor-top-column elementor-element elementor-element-371a0ab\" data-id=\"371a0ab\" data-element_type=\"column\">\n\t\t\t<div class=\"elementor-widget-wrap elementor-element-populated\">\n\t\t\t\t\t\t<div class=\"elementor-element elementor-element-9e3ef69 elementor-widget elementor-widget-text-editor\" data-id=\"9e3ef69\" data-element_type=\"widget\" data-widget_type=\"text-editor.default\">\n\t\t\t\t<div class=\"elementor-widget-container\">\n\t\t\t\t\t\t\t<p>Algunos de los proyectos realizados por Excavacions Iluro. Para obtener informaci\u00f3n m\u00e1s detallada sobre cada proyecto haz clic sobre la imagen.<\/p>\n\t\t\t\t\t\t<\/div>\n\t\t\t\t<\/div>\n\t\t\t\t\t<\/div>\n\t\t<\/div>\n\t\t\t\t\t<\/div>\n\t\t<\/section>\n\t\t\t\t<section class=\"elementor-section elementor-top-section elementor-element elementor-element-da6aa37 elementor-section-boxed elementor-section-height-default elementor-section-height-default\" data-id=\"da6aa37\" data-element_type=\"section\" data-settings=\"{&quot;background_background&quot;:&quot;classic&quot;}\">\n\t\t\t\t\t\t<div class=\"elementor-container elementor-column-gap-wider\">\n\t\t\t\t\t<div class=\"elementor-column elementor-col-100 elementor-top-column elementor-element elementor-element-0dcee54\" data-id=\"0dcee54\" data-element_type=\"column\">\n\t\t\t<div class=\"elementor-widget-wrap elementor-element-populated\">\n\t\t\t\t\t\t<div class=\"elementor-element elementor-element-5a1a271 elementor-widget elementor-widget-the7_elements\" data-id=\"5a1a271\" data-element_type=\"widget\" data-widget_type=\"the7_elements.default\">\n\t\t\t\t<div class=\"elementor-widget-container\">\n\t\t\t<div class=\"portfolio-shortcode the7-elementor-widget the7_elements-5a1a271 mode-masonry classic-layout-list description-under-image content-bg-on loading-effect-none jquery-filter\" data-padding=\"30px\" data-width=\"310\" data-columns=\"5\" data-post-limit=\"12\" data-pagination-mode=\"load-more\" data-scroll-offset=\"\"><div class=\"iso-container dt-isotope custom-iso-columns\"><div class=\"visible wf-cell iso-item\" data-post-id=\"51525\" data-date=\"2022-02-23T10:36:32+00:00\" data-name=\"Puerto de Arenys\"><article class=\"post visible post-51525 dt_portfolio type-dt_portfolio status-publish has-post-thumbnail hentry dt_portfolio_category-desguace\" data-name=\"Puerto de Arenys\" data-date=\"2022-02-23T10:36:32+00:00\">\n\n\t<div class=\"post-thumbnail-wrap\">\n\t\t<div class=\"post-thumbnail\">\n\n\t\t\t<a class=\"post-thumbnail-rollover layzr-bg img-css-resize-wrapper\" aria-label=\"Post image\" href=\"https:\/\/excavacionsiluro.com\/es\/project\/puerto-de-arenys\/\"><img fetchpriority=\"high\" decoding=\"async\" width=\"1800\" height=\"1200\" src=\"data:image\/svg+xml,%3Csvg%20xmlns%3D&#039;http%3A%2F%2Fwww.w3.org%2F2000%2Fsvg&#039;%20viewBox%3D&#039;0%200%201800%201200&#039;%2F%3E\" class=\"attachment-full size-full preload-me aspect lazy lazy-load\" alt=\"\" sizes=\"(max-width: 1800px) 100vw, 1800px\" style=\"--ratio: 1800 \/ 1200;\" data-src=\"https:\/\/excavacionsiluro.com\/wp-content\/uploads\/2022\/02\/04-3.png\" loading=\"eager\" data-srcset=\"https:\/\/excavacionsiluro.com\/wp-content\/uploads\/2022\/02\/04-3.png 1800w, https:\/\/excavacionsiluro.com\/wp-content\/uploads\/2022\/02\/04-3-300x200.png 300w, https:\/\/excavacionsiluro.com\/wp-content\/uploads\/2022\/02\/04-3-1024x683.png 1024w, https:\/\/excavacionsiluro.com\/wp-content\/uploads\/2022\/02\/04-3-768x512.png 768w, https:\/\/excavacionsiluro.com\/wp-content\/uploads\/2022\/02\/04-3-1536x1024.png 1536w\" \/><\/a>\n\t\t<\/div>\n\t<\/div>\n\n\n<div class=\"post-entry-content\">\n\n\t<h4 class=\"ele-entry-title\"><a href=\"https:\/\/excavacionsiluro.com\/es\/project\/puerto-de-arenys\/\" rel=\"bookmark\" title=\"Puerto de Arenys\">Puerto de Arenys<\/a><\/h4><div class=\"entry-meta\"><span class=\"meta-item category-link\"><span>Desguace<\/span><\/span><\/div>\n<\/div><\/article><\/div><div class=\"visible wf-cell iso-item\" data-post-id=\"51520\" data-date=\"2022-02-23T10:35:18+00:00\" data-name=\"Puerto de Matar\u00f3\"><article class=\"post visible post-51520 dt_portfolio type-dt_portfolio status-publish has-post-thumbnail hentry dt_portfolio_category-dragar-arena\" data-name=\"Puerto de Matar\u00f3\" data-date=\"2022-02-23T10:35:18+00:00\">\n\n\t<div class=\"post-thumbnail-wrap\">\n\t\t<div class=\"post-thumbnail\">\n\n\t\t\t<a class=\"post-thumbnail-rollover layzr-bg img-css-resize-wrapper\" aria-label=\"Post image\" href=\"https:\/\/excavacionsiluro.com\/es\/project\/puerto-de-mataro\/\"><img decoding=\"async\" width=\"1800\" height=\"1200\" src=\"data:image\/svg+xml,%3Csvg%20xmlns%3D&#039;http%3A%2F%2Fwww.w3.org%2F2000%2Fsvg&#039;%20viewBox%3D&#039;0%200%201800%201200&#039;%2F%3E\" class=\"attachment-full size-full preload-me aspect lazy lazy-load\" alt=\"\" sizes=\"(max-width: 1800px) 100vw, 1800px\" style=\"--ratio: 1800 \/ 1200;\" data-src=\"https:\/\/excavacionsiluro.com\/wp-content\/uploads\/2022\/02\/03-1.png\" loading=\"eager\" data-srcset=\"https:\/\/excavacionsiluro.com\/wp-content\/uploads\/2022\/02\/03-1.png 1800w, https:\/\/excavacionsiluro.com\/wp-content\/uploads\/2022\/02\/03-1-300x200.png 300w, https:\/\/excavacionsiluro.com\/wp-content\/uploads\/2022\/02\/03-1-1024x683.png 1024w, https:\/\/excavacionsiluro.com\/wp-content\/uploads\/2022\/02\/03-1-768x512.png 768w, https:\/\/excavacionsiluro.com\/wp-content\/uploads\/2022\/02\/03-1-1536x1024.png 1536w\" \/><\/a>\n\t\t<\/div>\n\t<\/div>\n\n\n<div class=\"post-entry-content\">\n\n\t<h4 class=\"ele-entry-title\"><a href=\"https:\/\/excavacionsiluro.com\/es\/project\/puerto-de-mataro\/\" rel=\"bookmark\" title=\"Puerto de Matar\u00f3\">Puerto de Matar\u00f3<\/a><\/h4><div class=\"entry-meta\"><span class=\"meta-item category-link\"><span>Dragar arena<\/span><\/span><\/div>\n<\/div><\/article><\/div><div class=\"visible wf-cell iso-item\" data-post-id=\"51518\" data-date=\"2022-02-23T10:34:27+00:00\" data-name=\"Tanatorio de Matar\u00f3\"><article class=\"post visible post-51518 dt_portfolio type-dt_portfolio status-publish has-post-thumbnail hentry dt_portfolio_category-excavaciones dt_portfolio_category-movimiento-de-tierras\" data-name=\"Tanatorio de Matar\u00f3\" data-date=\"2022-02-23T10:34:27+00:00\">\n\n\t<div class=\"post-thumbnail-wrap\">\n\t\t<div class=\"post-thumbnail\">\n\n\t\t\t<a class=\"post-thumbnail-rollover layzr-bg img-css-resize-wrapper\" aria-label=\"Post image\" href=\"https:\/\/excavacionsiluro.com\/es\/project\/tanatorio-de-mataro\/\"><img decoding=\"async\" width=\"1800\" height=\"1200\" src=\"data:image\/svg+xml,%3Csvg%20xmlns%3D&#039;http%3A%2F%2Fwww.w3.org%2F2000%2Fsvg&#039;%20viewBox%3D&#039;0%200%201800%201200&#039;%2F%3E\" class=\"attachment-full size-full preload-me aspect lazy lazy-load\" alt=\"\" sizes=\"(max-width: 1800px) 100vw, 1800px\" style=\"--ratio: 1800 \/ 1200;\" data-src=\"https:\/\/excavacionsiluro.com\/wp-content\/uploads\/2020\/05\/02-4.png\" loading=\"eager\" data-srcset=\"https:\/\/excavacionsiluro.com\/wp-content\/uploads\/2020\/05\/02-4.png 1800w, https:\/\/excavacionsiluro.com\/wp-content\/uploads\/2020\/05\/02-4-300x200.png 300w, https:\/\/excavacionsiluro.com\/wp-content\/uploads\/2020\/05\/02-4-1024x683.png 1024w, https:\/\/excavacionsiluro.com\/wp-content\/uploads\/2020\/05\/02-4-768x512.png 768w, https:\/\/excavacionsiluro.com\/wp-content\/uploads\/2020\/05\/02-4-1536x1024.png 1536w\" \/><\/a>\n\t\t<\/div>\n\t<\/div>\n\n\n<div class=\"post-entry-content\">\n\n\t<h4 class=\"ele-entry-title\"><a href=\"https:\/\/excavacionsiluro.com\/es\/project\/tanatorio-de-mataro\/\" rel=\"bookmark\" title=\"Tanatorio de Matar\u00f3\">Tanatorio de Matar\u00f3<\/a><\/h4><div class=\"entry-meta\"><span class=\"meta-item category-link\"><span>Excavaciones<\/span>, <span>Movimiento de tierras<\/span><\/span><\/div>\n<\/div><\/article><\/div><div class=\"visible wf-cell iso-item\" data-post-id=\"51495\" data-date=\"2022-02-23T10:18:46+00:00\" data-name=\"Venta de \u00e1ridos\"><article class=\"post visible post-51495 dt_portfolio type-dt_portfolio status-publish has-post-thumbnail hentry dt_portfolio_category-venta-de-aridos\" data-name=\"Venta de \u00e1ridos\" data-date=\"2022-02-23T10:18:46+00:00\">\n\n\t<div class=\"post-thumbnail-wrap\">\n\t\t<div class=\"post-thumbnail\">\n\n\t\t\t<a class=\"post-thumbnail-rollover layzr-bg img-css-resize-wrapper\" aria-label=\"Post image\" href=\"https:\/\/excavacionsiluro.com\/es\/project\/venta-de-aridos\/\"><img decoding=\"async\" width=\"1800\" height=\"1200\" src=\"data:image\/svg+xml,%3Csvg%20xmlns%3D&#039;http%3A%2F%2Fwww.w3.org%2F2000%2Fsvg&#039;%20viewBox%3D&#039;0%200%201800%201200&#039;%2F%3E\" class=\"attachment-full size-full preload-me aspect lazy lazy-load\" alt=\"\" sizes=\"(max-width: 1800px) 100vw, 1800px\" style=\"--ratio: 1800 \/ 1200;\" data-src=\"https:\/\/excavacionsiluro.com\/wp-content\/uploads\/2022\/02\/06-1.png\" loading=\"eager\" data-srcset=\"https:\/\/excavacionsiluro.com\/wp-content\/uploads\/2022\/02\/06-1.png 1800w, https:\/\/excavacionsiluro.com\/wp-content\/uploads\/2022\/02\/06-1-300x200.png 300w, https:\/\/excavacionsiluro.com\/wp-content\/uploads\/2022\/02\/06-1-1024x683.png 1024w, https:\/\/excavacionsiluro.com\/wp-content\/uploads\/2022\/02\/06-1-768x512.png 768w, https:\/\/excavacionsiluro.com\/wp-content\/uploads\/2022\/02\/06-1-1536x1024.png 1536w\" \/><\/a>\n\t\t<\/div>\n\t<\/div>\n\n\n<div class=\"post-entry-content\">\n\n\t<h4 class=\"ele-entry-title\"><a href=\"https:\/\/excavacionsiluro.com\/es\/project\/venta-de-aridos\/\" rel=\"bookmark\" title=\"Venta de \u00e1ridos\">Venta de \u00e1ridos<\/a><\/h4><div class=\"entry-meta\"><span class=\"meta-item category-link\"><span>Venta de \u00e1ridos<\/span><\/span><\/div>\n<\/div><\/article><\/div><div class=\"visible wf-cell iso-item\" data-post-id=\"51493\" data-date=\"2022-02-23T10:17:18+00:00\" data-name=\"Derribo Matar\u00f3\"><article class=\"post visible post-51493 dt_portfolio type-dt_portfolio status-publish has-post-thumbnail hentry dt_portfolio_category-derribos\" data-name=\"Derribo Matar\u00f3\" data-date=\"2022-02-23T10:17:18+00:00\">\n\n\t<div class=\"post-thumbnail-wrap\">\n\t\t<div class=\"post-thumbnail\">\n\n\t\t\t<a class=\"post-thumbnail-rollover layzr-bg img-css-resize-wrapper\" aria-label=\"Post image\" href=\"https:\/\/excavacionsiluro.com\/es\/project\/derribo-mataro\/\"><img decoding=\"async\" width=\"1800\" height=\"1200\" src=\"data:image\/svg+xml,%3Csvg%20xmlns%3D&#039;http%3A%2F%2Fwww.w3.org%2F2000%2Fsvg&#039;%20viewBox%3D&#039;0%200%201800%201200&#039;%2F%3E\" class=\"attachment-full size-full preload-me aspect lazy lazy-load\" alt=\"\" sizes=\"(max-width: 1800px) 100vw, 1800px\" style=\"--ratio: 1800 \/ 1200;\" data-src=\"https:\/\/excavacionsiluro.com\/wp-content\/uploads\/2022\/02\/07-1.png\" loading=\"eager\" data-srcset=\"https:\/\/excavacionsiluro.com\/wp-content\/uploads\/2022\/02\/07-1.png 1800w, https:\/\/excavacionsiluro.com\/wp-content\/uploads\/2022\/02\/07-1-300x200.png 300w, https:\/\/excavacionsiluro.com\/wp-content\/uploads\/2022\/02\/07-1-1024x683.png 1024w, https:\/\/excavacionsiluro.com\/wp-content\/uploads\/2022\/02\/07-1-768x512.png 768w, https:\/\/excavacionsiluro.com\/wp-content\/uploads\/2022\/02\/07-1-1536x1024.png 1536w\" \/><\/a>\n\t\t<\/div>\n\t<\/div>\n\n\n<div class=\"post-entry-content\">\n\n\t<h4 class=\"ele-entry-title\"><a href=\"https:\/\/excavacionsiluro.com\/es\/project\/derribo-mataro\/\" rel=\"bookmark\" title=\"Derribo Matar\u00f3\">Derribo Matar\u00f3<\/a><\/h4><div class=\"entry-meta\"><span class=\"meta-item category-link\"><span>Derribos<\/span><\/span><\/div>\n<\/div><\/article><\/div><div class=\"visible wf-cell iso-item\" data-post-id=\"51491\" data-date=\"2022-02-23T10:16:31+00:00\" data-name=\"Obra hidr\u00e1ulica, Can Gel\"><article class=\"post visible post-51491 dt_portfolio type-dt_portfolio status-publish has-post-thumbnail hentry dt_portfolio_category-obra-hidraulica-es\" data-name=\"Obra hidr\u00e1ulica, Can Gel\" data-date=\"2022-02-23T10:16:31+00:00\">\n\n\t<div class=\"post-thumbnail-wrap\">\n\t\t<div class=\"post-thumbnail\">\n\n\t\t\t<a class=\"post-thumbnail-rollover layzr-bg img-css-resize-wrapper\" aria-label=\"Post image\" href=\"https:\/\/excavacionsiluro.com\/es\/project\/obra-hidraulica-can-gel\/\"><img decoding=\"async\" width=\"1800\" height=\"1200\" src=\"data:image\/svg+xml,%3Csvg%20xmlns%3D&#039;http%3A%2F%2Fwww.w3.org%2F2000%2Fsvg&#039;%20viewBox%3D&#039;0%200%201800%201200&#039;%2F%3E\" class=\"attachment-full size-full preload-me aspect lazy lazy-load\" alt=\"\" sizes=\"(max-width: 1800px) 100vw, 1800px\" style=\"--ratio: 1800 \/ 1200;\" data-src=\"https:\/\/excavacionsiluro.com\/wp-content\/uploads\/2022\/02\/08-1.png\" loading=\"eager\" data-srcset=\"https:\/\/excavacionsiluro.com\/wp-content\/uploads\/2022\/02\/08-1.png 1800w, https:\/\/excavacionsiluro.com\/wp-content\/uploads\/2022\/02\/08-1-300x200.png 300w, https:\/\/excavacionsiluro.com\/wp-content\/uploads\/2022\/02\/08-1-1024x683.png 1024w, https:\/\/excavacionsiluro.com\/wp-content\/uploads\/2022\/02\/08-1-768x512.png 768w, https:\/\/excavacionsiluro.com\/wp-content\/uploads\/2022\/02\/08-1-1536x1024.png 1536w\" \/><\/a>\n\t\t<\/div>\n\t<\/div>\n\n\n<div class=\"post-entry-content\">\n\n\t<h4 class=\"ele-entry-title\"><a href=\"https:\/\/excavacionsiluro.com\/es\/project\/obra-hidraulica-can-gel\/\" rel=\"bookmark\" title=\"Obra hidr\u00e1ulica, Can Gel\">Obra hidr\u00e1ulica, Can Gel<\/a><\/h4><div class=\"entry-meta\"><span class=\"meta-item category-link\"><span>Obra hidr\u00e1ulica<\/span><\/span><\/div>\n<\/div><\/article><\/div><div class=\"visible wf-cell iso-item\" data-post-id=\"51489\" data-date=\"2022-02-23T10:15:18+00:00\" data-name=\"Muro de gaviones, Argentona\"><article class=\"post visible post-51489 dt_portfolio type-dt_portfolio status-publish has-post-thumbnail hentry dt_portfolio_category-muros-de-contencion\" data-name=\"Muro de gaviones, Argentona\" data-date=\"2022-02-23T10:15:18+00:00\">\n\n\t<div class=\"post-thumbnail-wrap\">\n\t\t<div class=\"post-thumbnail\">\n\n\t\t\t<a class=\"post-thumbnail-rollover layzr-bg img-css-resize-wrapper\" aria-label=\"Post image\" href=\"https:\/\/excavacionsiluro.com\/es\/project\/muro-de-gaviones-argentona\/\"><img decoding=\"async\" width=\"1800\" height=\"1200\" src=\"data:image\/svg+xml,%3Csvg%20xmlns%3D&#039;http%3A%2F%2Fwww.w3.org%2F2000%2Fsvg&#039;%20viewBox%3D&#039;0%200%201800%201200&#039;%2F%3E\" class=\"attachment-full size-full preload-me aspect lazy lazy-load\" alt=\"\" sizes=\"(max-width: 1800px) 100vw, 1800px\" style=\"--ratio: 1800 \/ 1200;\" data-src=\"https:\/\/excavacionsiluro.com\/wp-content\/uploads\/2022\/02\/09-1.png\" loading=\"eager\" data-srcset=\"https:\/\/excavacionsiluro.com\/wp-content\/uploads\/2022\/02\/09-1.png 1800w, https:\/\/excavacionsiluro.com\/wp-content\/uploads\/2022\/02\/09-1-300x200.png 300w, https:\/\/excavacionsiluro.com\/wp-content\/uploads\/2022\/02\/09-1-1024x683.png 1024w, https:\/\/excavacionsiluro.com\/wp-content\/uploads\/2022\/02\/09-1-768x512.png 768w, https:\/\/excavacionsiluro.com\/wp-content\/uploads\/2022\/02\/09-1-1536x1024.png 1536w\" \/><\/a>\n\t\t<\/div>\n\t<\/div>\n\n\n<div class=\"post-entry-content\">\n\n\t<h4 class=\"ele-entry-title\"><a href=\"https:\/\/excavacionsiluro.com\/es\/project\/muro-de-gaviones-argentona\/\" rel=\"bookmark\" title=\"Muro de gaviones, Argentona\">Muro de gaviones, Argentona<\/a><\/h4><div class=\"entry-meta\"><span class=\"meta-item category-link\"><span>Muros de contenci\u00f3n<\/span><\/span><\/div>\n<\/div><\/article><\/div><div class=\"visible wf-cell iso-item\" data-post-id=\"51487\" data-date=\"2022-02-23T10:13:28+00:00\" data-name=\"Aportaci\u00f3n y nivelaci\u00f3n, Can Gel\"><article class=\"post visible post-51487 dt_portfolio type-dt_portfolio status-publish has-post-thumbnail hentry dt_portfolio_category-aportacion-de-tierras-limpias dt_portfolio_category-movimiento-de-tierras\" data-name=\"Aportaci\u00f3n y nivelaci\u00f3n, Can Gel\" data-date=\"2022-02-23T10:13:28+00:00\">\n\n\t<div class=\"post-thumbnail-wrap\">\n\t\t<div class=\"post-thumbnail\">\n\n\t\t\t<a class=\"post-thumbnail-rollover layzr-bg img-css-resize-wrapper\" aria-label=\"Post image\" href=\"https:\/\/excavacionsiluro.com\/es\/project\/aportacion-y-nivelacion-can-gel\/\"><img decoding=\"async\" width=\"1800\" height=\"1200\" src=\"data:image\/svg+xml,%3Csvg%20xmlns%3D&#039;http%3A%2F%2Fwww.w3.org%2F2000%2Fsvg&#039;%20viewBox%3D&#039;0%200%201800%201200&#039;%2F%3E\" class=\"attachment-full size-full preload-me aspect lazy lazy-load\" alt=\"\" sizes=\"(max-width: 1800px) 100vw, 1800px\" style=\"--ratio: 1800 \/ 1200;\" data-src=\"https:\/\/excavacionsiluro.com\/wp-content\/uploads\/2022\/02\/10-1.png\" loading=\"eager\" data-srcset=\"https:\/\/excavacionsiluro.com\/wp-content\/uploads\/2022\/02\/10-1.png 1800w, https:\/\/excavacionsiluro.com\/wp-content\/uploads\/2022\/02\/10-1-300x200.png 300w, https:\/\/excavacionsiluro.com\/wp-content\/uploads\/2022\/02\/10-1-1024x683.png 1024w, https:\/\/excavacionsiluro.com\/wp-content\/uploads\/2022\/02\/10-1-768x512.png 768w, https:\/\/excavacionsiluro.com\/wp-content\/uploads\/2022\/02\/10-1-1536x1024.png 1536w\" \/><\/a>\n\t\t<\/div>\n\t<\/div>\n\n\n<div class=\"post-entry-content\">\n\n\t<h4 class=\"ele-entry-title\"><a href=\"https:\/\/excavacionsiluro.com\/es\/project\/aportacion-y-nivelacion-can-gel\/\" rel=\"bookmark\" title=\"Aportaci\u00f3n y nivelaci\u00f3n, Can Gel\">Aportaci\u00f3n y nivelaci\u00f3n, Can Gel<\/a><\/h4><div class=\"entry-meta\"><span class=\"meta-item category-link\"><span>Aportaci\u00f3n de tierras limpias<\/span>, <span>Movimiento de tierras<\/span><\/span><\/div>\n<\/div><\/article><\/div><div class=\"visible wf-cell iso-item\" data-post-id=\"51485\" data-date=\"2022-02-23T10:08:24+00:00\" data-name=\"Aportaci\u00f3n de tierras limpias, Matar\u00f3\"><article class=\"post visible post-51485 dt_portfolio type-dt_portfolio status-publish has-post-thumbnail hentry dt_portfolio_category-aportacion-de-tierras-limpias\" data-name=\"Aportaci\u00f3n de tierras limpias, Matar\u00f3\" data-date=\"2022-02-23T10:08:24+00:00\">\n\n\t<div class=\"post-thumbnail-wrap\">\n\t\t<div class=\"post-thumbnail\">\n\n\t\t\t<a class=\"post-thumbnail-rollover layzr-bg img-css-resize-wrapper\" aria-label=\"Post image\" href=\"https:\/\/excavacionsiluro.com\/es\/project\/aportacion-de-tierras-limpias-mataro\/\"><img decoding=\"async\" width=\"1800\" height=\"1200\" src=\"data:image\/svg+xml,%3Csvg%20xmlns%3D&#039;http%3A%2F%2Fwww.w3.org%2F2000%2Fsvg&#039;%20viewBox%3D&#039;0%200%201800%201200&#039;%2F%3E\" class=\"attachment-full size-full preload-me aspect lazy lazy-load\" alt=\"\" sizes=\"(max-width: 1800px) 100vw, 1800px\" style=\"--ratio: 1800 \/ 1200;\" data-src=\"https:\/\/excavacionsiluro.com\/wp-content\/uploads\/2022\/02\/11-1.png\" loading=\"eager\" data-srcset=\"https:\/\/excavacionsiluro.com\/wp-content\/uploads\/2022\/02\/11-1.png 1800w, https:\/\/excavacionsiluro.com\/wp-content\/uploads\/2022\/02\/11-1-300x200.png 300w, https:\/\/excavacionsiluro.com\/wp-content\/uploads\/2022\/02\/11-1-1024x683.png 1024w, https:\/\/excavacionsiluro.com\/wp-content\/uploads\/2022\/02\/11-1-768x512.png 768w, https:\/\/excavacionsiluro.com\/wp-content\/uploads\/2022\/02\/11-1-1536x1024.png 1536w\" \/><\/a>\n\t\t<\/div>\n\t<\/div>\n\n\n<div class=\"post-entry-content\">\n\n\t<h4 class=\"ele-entry-title\"><a href=\"https:\/\/excavacionsiluro.com\/es\/project\/aportacion-de-tierras-limpias-mataro\/\" rel=\"bookmark\" title=\"Aportaci\u00f3n de tierras limpias, Matar\u00f3\">Aportaci\u00f3n de tierras limpias, Matar\u00f3<\/a><\/h4><div class=\"entry-meta\"><span class=\"meta-item category-link\"><span>Aportaci\u00f3n de tierras limpias<\/span><\/span><\/div>\n<\/div><\/article><\/div><div class=\"visible wf-cell iso-item\" data-post-id=\"51482\" data-date=\"2022-02-23T10:05:56+00:00\" data-name=\"Aportaci\u00f3n de tierras, Dosrius\"><article class=\"post visible post-51482 dt_portfolio type-dt_portfolio status-publish has-post-thumbnail hentry dt_portfolio_category-aportacion-de-tierras-limpias\" data-name=\"Aportaci\u00f3n de tierras, Dosrius\" data-date=\"2022-02-23T10:05:56+00:00\">\n\n\t<div class=\"post-thumbnail-wrap\">\n\t\t<div class=\"post-thumbnail\">\n\n\t\t\t<a class=\"post-thumbnail-rollover layzr-bg img-css-resize-wrapper\" aria-label=\"Post image\" href=\"https:\/\/excavacionsiluro.com\/es\/project\/aportacion-de-tierras-dosrius\/\"><img decoding=\"async\" width=\"1800\" height=\"1200\" src=\"data:image\/svg+xml,%3Csvg%20xmlns%3D&#039;http%3A%2F%2Fwww.w3.org%2F2000%2Fsvg&#039;%20viewBox%3D&#039;0%200%201800%201200&#039;%2F%3E\" class=\"attachment-full size-full preload-me aspect lazy lazy-load\" alt=\"\" sizes=\"(max-width: 1800px) 100vw, 1800px\" style=\"--ratio: 1800 \/ 1200;\" data-src=\"https:\/\/excavacionsiluro.com\/wp-content\/uploads\/2022\/02\/12-1.png\" loading=\"eager\" data-srcset=\"https:\/\/excavacionsiluro.com\/wp-content\/uploads\/2022\/02\/12-1.png 1800w, https:\/\/excavacionsiluro.com\/wp-content\/uploads\/2022\/02\/12-1-300x200.png 300w, https:\/\/excavacionsiluro.com\/wp-content\/uploads\/2022\/02\/12-1-1024x683.png 1024w, https:\/\/excavacionsiluro.com\/wp-content\/uploads\/2022\/02\/12-1-768x512.png 768w, https:\/\/excavacionsiluro.com\/wp-content\/uploads\/2022\/02\/12-1-1536x1024.png 1536w\" \/><\/a>\n\t\t<\/div>\n\t<\/div>\n\n\n<div class=\"post-entry-content\">\n\n\t<h4 class=\"ele-entry-title\"><a href=\"https:\/\/excavacionsiluro.com\/es\/project\/aportacion-de-tierras-dosrius\/\" rel=\"bookmark\" title=\"Aportaci\u00f3n de tierras, Dosrius\">Aportaci\u00f3n de tierras, Dosrius<\/a><\/h4><div class=\"entry-meta\"><span class=\"meta-item category-link\"><span>Aportaci\u00f3n de tierras limpias<\/span><\/span><\/div>\n<\/div><\/article><\/div><\/div><!-- iso-container|iso-grid --><div class=\"paginator filter-decorations paginator-more-button filter-pointer-background\">\n\t\t\t\t<a class=\"button-load-more highlighted filter-item\" href=\"javascript:void(0);\" data-dt-page=\"1\" ><span class=\"button-caption\">More projects<\/span><i aria-hidden=\"true\" class=\"feather feather-refresh-ccw\"><\/i><\/a>\n\t\t\t<\/div><\/div>\t\t<\/div>\n\t\t\t\t<\/div>\n\t\t\t\t\t<\/div>\n\t\t<\/div>\n\t\t\t\t\t<\/div>\n\t\t<\/section>\n\t\t\t\t<\/div>\n\t\t","protected":false},"excerpt":{"rendered":"<p>Proyectos Algunos de los proyectos realizados por Excavacions Iluro. Para obtener informaci\u00f3n m\u00e1s detallada sobre cada proyecto haz clic sobre la imagen. Can Bramona, Argentona Aportaci\u00f3 de terres netes, Moviment de terres Aportaci\u00f3 de terres, Dosrius Aportaci\u00f3 de terres netes Aportaci\u00f3 de terres netes, Matar\u00f3 Aportaci\u00f3 de terres netes, Moviment de terres Aportaci\u00f3 i anivellaci\u00f3,&hellip;<\/p>\n","protected":false},"author":1,"featured_media":0,"parent":0,"menu_order":10,"comment_status":"closed","ping_status":"closed","template":"elementor_header_footer","meta":{"footnotes":""},"class_list":["post-51813","page","type-page","status-publish","hentry"],"_links":{"self":[{"href":"https:\/\/excavacionsiluro.com\/es\/wp-json\/wp\/v2\/pages\/51813","targetHints":{"allow":["GET"]}}],"collection":[{"href":"https:\/\/excavacionsiluro.com\/es\/wp-json\/wp\/v2\/pages"}],"about":[{"href":"https:\/\/excavacionsiluro.com\/es\/wp-json\/wp\/v2\/types\/page"}],"author":[{"embeddable":true,"href":"https:\/\/excavacionsiluro.com\/es\/wp-json\/wp\/v2\/users\/1"}],"replies":[{"embeddable":true,"href":"https:\/\/excavacionsiluro.com\/es\/wp-json\/wp\/v2\/comments?post=51813"}],"version-history":[{"count":3,"href":"https:\/\/excavacionsiluro.com\/es\/wp-json\/wp\/v2\/pages\/51813\/revisions"}],"predecessor-version":[{"id":51822,"href":"https:\/\/excavacionsiluro.com\/es\/wp-json\/wp\/v2\/pages\/51813\/revisions\/51822"}],"wp:attachment":[{"href":"https:\/\/excavacionsiluro.com\/es\/wp-json\/wp\/v2\/media?parent=51813"}],"curies":[{"name":"wp","href":"https:\/\/api.w.org\/{rel}","templated":true}]}}