{"id":51797,"date":"2022-03-24T10:10:39","date_gmt":"2022-03-24T10:10:39","guid":{"rendered":"https:\/\/excavacionsiluro.com\/?page_id=51797"},"modified":"2023-01-31T10:44:20","modified_gmt":"2023-01-31T10:44:20","slug":"valores","status":"publish","type":"page","link":"https:\/\/excavacionsiluro.com\/es\/valores\/","title":{"rendered":"Reconocimientos"},"content":{"rendered":"\t\t<div data-elementor-type=\"wp-page\" data-elementor-id=\"51797\" class=\"elementor elementor-51797 elementor-51796\" data-elementor-post-type=\"page\">\n\t\t\t\t\t\t<section class=\"elementor-section elementor-top-section elementor-element elementor-element-5ba8849 elementor-section-height-min-height elementor-section-boxed elementor-section-height-default elementor-section-items-middle\" data-id=\"5ba8849\" data-element_type=\"section\" data-settings=\"{&quot;background_background&quot;:&quot;classic&quot;}\">\n\t\t\t\t\t\t<div class=\"elementor-container elementor-column-gap-wider\">\n\t\t\t\t\t<div class=\"elementor-column elementor-col-100 elementor-top-column elementor-element elementor-element-4c9b1d9\" data-id=\"4c9b1d9\" data-element_type=\"column\">\n\t\t\t<div class=\"elementor-widget-wrap elementor-element-populated\">\n\t\t\t\t\t\t<div class=\"elementor-element elementor-element-41fe1ca elementor-widget__width-auto animated-fast elementor-invisible elementor-widget elementor-widget-heading\" data-id=\"41fe1ca\" data-element_type=\"widget\" data-settings=\"{&quot;_animation&quot;:&quot;fadeInUp&quot;}\" data-widget_type=\"heading.default\">\n\t\t\t\t<div class=\"elementor-widget-container\">\n\t\t\t<h2 class=\"elementor-heading-title elementor-size-default\">Empresa verde, compromiso social, seguridad y salud<\/h2>\t\t<\/div>\n\t\t\t\t<\/div>\n\t\t\t\t<div class=\"elementor-element elementor-element-8000ed1 elementor-widget elementor-widget-spacer\" data-id=\"8000ed1\" data-element_type=\"widget\" data-widget_type=\"spacer.default\">\n\t\t\t\t<div class=\"elementor-widget-container\">\n\t\t\t\t\t<div class=\"elementor-spacer\">\n\t\t\t<div class=\"elementor-spacer-inner\"><\/div>\n\t\t<\/div>\n\t\t\t\t<\/div>\n\t\t\t\t<\/div>\n\t\t\t\t\t<\/div>\n\t\t<\/div>\n\t\t\t\t\t<\/div>\n\t\t<\/section>\n\t\t\t\t<section class=\"elementor-section elementor-top-section elementor-element elementor-element-b7a36f3 elementor-section-boxed elementor-section-height-default elementor-section-height-default\" data-id=\"b7a36f3\" data-element_type=\"section\">\n\t\t\t\t\t\t<div class=\"elementor-container elementor-column-gap-default\">\n\t\t\t\t\t<div class=\"elementor-column elementor-col-100 elementor-top-column elementor-element elementor-element-6906f65\" data-id=\"6906f65\" data-element_type=\"column\">\n\t\t\t<div class=\"elementor-widget-wrap elementor-element-populated\">\n\t\t\t\t\t\t<div class=\"elementor-element elementor-element-4e57eae elementor-widget elementor-widget-text-editor\" data-id=\"4e57eae\" data-element_type=\"widget\" data-widget_type=\"text-editor.default\">\n\t\t\t\t<div class=\"elementor-widget-container\">\n\t\t\t\t\t\t\t<p><strong>EXCAVACIONS ILURO S.L.,\u00a0<\/strong>es una empresa que brinda sus servicios de <strong>construcci\u00f3n<\/strong> en el \u00e1rea de movimientos de tierra, escombros, clasificaci\u00f3n i preparaci\u00f3n de \u00e1ridos, dentro del \u00e1mbito geogr\u00e1fico de la<strong> comarca del Maresme.\u00a0<\/strong><\/p>\n<p>Tiene como objetivo principal dar servicio con \u00edndices \u00f3ptimos de <strong>calidad<\/strong>, para satisfacer las necesidades de sus clientes actuales y futuros y establecer un umbral respecto al <strong>medio ambiente<\/strong> en su total actividad, proporcionando condiciones seguras y saludables en todas sus \u00e1reas de actuaci\u00f3n.<\/p>\n<p>Nuestros profesionales experimentados con la <strong>\u00faltima tecnolog\u00eda<\/strong> convierten en realidad los proyectos mas complejos. Trabajamos para particulares, empresas y obras p\u00fablicas.<\/p>\n\t\t\t\t\t\t<\/div>\n\t\t\t\t<\/div>\n\t\t\t\t\t<\/div>\n\t\t<\/div>\n\t\t\t\t\t<\/div>\n\t\t<\/section>\n\t\t\t\t<section class=\"elementor-section elementor-top-section elementor-element elementor-element-606d978 elementor-reverse-mobile elementor-section-boxed elementor-section-height-default elementor-section-height-default\" data-id=\"606d978\" data-element_type=\"section\">\n\t\t\t\t\t\t<div class=\"elementor-container elementor-column-gap-wider\">\n\t\t\t\t\t<div class=\"elementor-column elementor-col-50 elementor-top-column elementor-element elementor-element-ced7086\" data-id=\"ced7086\" data-element_type=\"column\">\n\t\t\t<div class=\"elementor-widget-wrap elementor-element-populated\">\n\t\t\t\t\t\t<div class=\"elementor-element elementor-element-e2cb6e9 elementor-widget elementor-widget-heading\" data-id=\"e2cb6e9\" data-element_type=\"widget\" data-widget_type=\"heading.default\">\n\t\t\t\t<div class=\"elementor-widget-container\">\n\t\t\t<h4 class=\"elementor-heading-title elementor-size-default\">Empresa saludable<\/h4>\t\t<\/div>\n\t\t\t\t<\/div>\n\t\t\t\t<div class=\"elementor-element elementor-element-b56b645 elementor-widget elementor-widget-text-editor\" data-id=\"b56b645\" data-element_type=\"widget\" data-widget_type=\"text-editor.default\">\n\t\t\t\t<div class=\"elementor-widget-container\">\n\t\t\t\t\t\t\t<p>Excavacions Iluro trabaja con la Mutua Maz, esta nos ha hecho un<strong> reconocimiento<\/strong> por la <strong>baja siniestralidad<\/strong> de nuestros trabajadores en su actividad laboral. Trabajamos bajo un <strong>protocolo interno<\/strong> para velar por la salud de nuestros trabajadores, para <strong>incentivar buenas pr\u00e1cticas<\/strong> en la jornada de trabajo.<\/p>\n\t\t\t\t\t\t<\/div>\n\t\t\t\t<\/div>\n\t\t\t\t<div class=\"elementor-element elementor-element-14b1e5b elementor-widget elementor-widget-text-editor\" data-id=\"14b1e5b\" data-element_type=\"widget\" data-widget_type=\"text-editor.default\">\n\t\t\t\t<div class=\"elementor-widget-container\">\n\t\t\t\t\t\t\t<p>Para la prevenci\u00f3n de males m\u00e1s importantes contamos con peque\u00f1os <strong>ejercicios rutinarios.\u00a0<\/strong><\/p><p>Velamos por la <strong>seguridad y la salud<\/strong> de todos nuestros trabajadores.<\/p>\t\t\t\t\t\t<\/div>\n\t\t\t\t<\/div>\n\t\t\t\t<div class=\"elementor-element elementor-element-8b2e5ff elementor-widget elementor-widget-text-editor\" data-id=\"8b2e5ff\" data-element_type=\"widget\" data-widget_type=\"text-editor.default\">\n\t\t\t\t<div class=\"elementor-widget-container\">\n\t\t\t\t\t\t\t<p>Hemos ganado la octava edici\u00f3n de los<strong> Premios MAZ<\/strong> en empresa Saludable por la diversidad y tipolog\u00eda de nuestras acciones saludables.<\/p><p><a href=\"https:\/\/excavacionsiluro.com\/wp-content\/uploads\/2022\/04\/PremioMAZ.pdf\">Ver nota de prensa<\/a><\/p><p><a href=\"https:\/\/excavacionsiluro.com\/wp-content\/uploads\/2022\/06\/diploma.pdf\">Ver diploma<\/a><\/p>\t\t\t\t\t\t<\/div>\n\t\t\t\t<\/div>\n\t\t\t\t\t<\/div>\n\t\t<\/div>\n\t\t\t\t<div class=\"elementor-column elementor-col-50 elementor-top-column elementor-element elementor-element-cb9ec75\" data-id=\"cb9ec75\" data-element_type=\"column\">\n\t\t\t<div class=\"elementor-widget-wrap elementor-element-populated\">\n\t\t\t\t\t\t<div class=\"elementor-element elementor-element-053f12b elementor-widget elementor-widget-video\" data-id=\"053f12b\" data-element_type=\"widget\" data-settings=\"{&quot;video_type&quot;:&quot;hosted&quot;,&quot;controls&quot;:&quot;yes&quot;}\" data-widget_type=\"video.default\">\n\t\t\t\t<div class=\"elementor-widget-container\">\n\t\t\t\t\t<div class=\"e-hosted-video elementor-wrapper elementor-open-inline\">\n\t\t\t\t\t<video class=\"elementor-video\" src=\"https:\/\/excavacionsiluro.com\/empresa_saludable.mp4\" controls=\"\" preload=\"metadata\" controlsList=\"nodownload\"><\/video>\n\t\t\t\t<\/div>\n\t\t\t\t<\/div>\n\t\t\t\t<\/div>\n\t\t\t\t<div class=\"elementor-element elementor-element-dadc133 elementor-hidden-desktop elementor-hidden-tablet elementor-hidden-mobile elementor-widget elementor-widget-image\" data-id=\"dadc133\" data-element_type=\"widget\" data-widget_type=\"image.default\">\n\t\t\t\t<div class=\"elementor-widget-container\">\n\t\t\t\t\t\t\t\t\t\t\t\t\t<img decoding=\"async\" src=\"https:\/\/excavacionsiluro.com\/wp-content\/uploads\/elementor\/thumbs\/Sin-titulo-2-pq8t3u05zh3h8pxo6esflniy6cakrbma9glv38x2js.jpg\" title=\"Sin-t\u00edtulo-2\" alt=\"Sin-t\u00edtulo-2\" loading=\"lazy\" \/>\t\t\t\t\t\t\t\t\t\t\t\t\t<\/div>\n\t\t\t\t<\/div>\n\t\t\t\t\t<\/div>\n\t\t<\/div>\n\t\t\t\t\t<\/div>\n\t\t<\/section>\n\t\t\t\t<section class=\"elementor-section elementor-top-section elementor-element elementor-element-cdfb721 elementor-reverse-mobile elementor-section-boxed elementor-section-height-default elementor-section-height-default\" data-id=\"cdfb721\" data-element_type=\"section\">\n\t\t\t\t\t\t<div class=\"elementor-container elementor-column-gap-wider\">\n\t\t\t\t\t<div class=\"elementor-column elementor-col-50 elementor-top-column elementor-element elementor-element-7b49636\" data-id=\"7b49636\" data-element_type=\"column\">\n\t\t\t<div class=\"elementor-widget-wrap elementor-element-populated\">\n\t\t\t\t\t\t<div class=\"elementor-element elementor-element-86a4665 elementor-widget elementor-widget-image\" data-id=\"86a4665\" data-element_type=\"widget\" data-widget_type=\"image.default\">\n\t\t\t\t<div class=\"elementor-widget-container\">\n\t\t\t\t\t\t\t\t\t\t\t\t\t<img fetchpriority=\"high\" decoding=\"async\" width=\"1080\" height=\"720\" src=\"https:\/\/excavacionsiluro.com\/wp-content\/uploads\/2022\/03\/MG_0742.jpg\" class=\"attachment-full size-full wp-image-51806\" alt=\"\" srcset=\"https:\/\/excavacionsiluro.com\/wp-content\/uploads\/2022\/03\/MG_0742.jpg 1080w, https:\/\/excavacionsiluro.com\/wp-content\/uploads\/2022\/03\/MG_0742-300x200.jpg 300w, https:\/\/excavacionsiluro.com\/wp-content\/uploads\/2022\/03\/MG_0742-1024x683.jpg 1024w, https:\/\/excavacionsiluro.com\/wp-content\/uploads\/2022\/03\/MG_0742-768x512.jpg 768w\" sizes=\"(max-width: 1080px) 100vw, 1080px\" \/>\t\t\t\t\t\t\t\t\t\t\t\t\t<\/div>\n\t\t\t\t<\/div>\n\t\t\t\t\t<\/div>\n\t\t<\/div>\n\t\t\t\t<div class=\"elementor-column elementor-col-50 elementor-top-column elementor-element elementor-element-9a10ba1\" data-id=\"9a10ba1\" data-element_type=\"column\">\n\t\t\t<div class=\"elementor-widget-wrap elementor-element-populated\">\n\t\t\t\t\t\t<div class=\"elementor-element elementor-element-3bb612d elementor-widget elementor-widget-heading\" data-id=\"3bb612d\" data-element_type=\"widget\" data-widget_type=\"heading.default\">\n\t\t\t\t<div class=\"elementor-widget-container\">\n\t\t\t<h4 class=\"elementor-heading-title elementor-size-default\">Empresa solidaria<\/h4>\t\t<\/div>\n\t\t\t\t<\/div>\n\t\t\t\t<div class=\"elementor-element elementor-element-7d5c5a5 elementor-widget elementor-widget-text-editor\" data-id=\"7d5c5a5\" data-element_type=\"widget\" data-widget_type=\"text-editor.default\">\n\t\t\t\t<div class=\"elementor-widget-container\">\n\t\t\t\t\t\t\t<p>Impulsamos la<strong> solidaridad<\/strong> y el <strong>compromiso social<\/strong> en todos nuestros proyectos.<\/p>\n\t\t\t\t\t\t<\/div>\n\t\t\t\t<\/div>\n\t\t\t\t<div class=\"elementor-element elementor-element-97d8e10 elementor-widget elementor-widget-text-editor\" data-id=\"97d8e10\" data-element_type=\"widget\" data-widget_type=\"text-editor.default\">\n\t\t\t\t<div class=\"elementor-widget-container\">\n\t\t\t\t\t\t\t<p>Desde hace 8 a\u00f1os nos hemos <strong>comprometido<\/strong> con personas con <strong>discapacidad intelectual<\/strong> del Maresme a trav\u00e9s de diferentes acciones, colaboramos con la <strong>recogida selectiva de residuos<\/strong> a trav\u00e9s de nuestro centro especial de trabajo, impulsando el calendario solidario de la Entidad o con <strong>aportaciones econ\u00f3micas<\/strong> con el fin de impulsar actividades y proyectos que mejoren la calidad de la vida del colectivo.<\/p>\n\t\t\t\t\t\t<\/div>\n\t\t\t\t<\/div>\n\t\t\t\t<div class=\"elementor-element elementor-element-5ab60d6 elementor-widget elementor-widget-text-editor\" data-id=\"5ab60d6\" data-element_type=\"widget\" data-widget_type=\"text-editor.default\">\n\t\t\t\t<div class=\"elementor-widget-container\">\n\t\t\t\t\t\t\t<p>La <strong>Associaci\u00f3 Agr\u00e0ria Cinc S\u00e9nies, Mata i Valldeix<\/strong> agradece a Excavacions Iluro su labor social y compromiso con este territorio por su apoyo y dedicaci\u00f3n en el mantenimiento i arreglo de caminos, m\u00e1rgenes y otros espacios de movilidad.<\/p>\n<p><a href=\"https:\/\/excavacionsiluro.com\/wp-content\/uploads\/2022\/03\/Carta_agraiment.pdf\" target=\"_blank\" rel=\"noopener\">Ver carta de agradecimiento<\/a><\/p>\n\t\t\t\t\t\t<\/div>\n\t\t\t\t<\/div>\n\t\t\t\t\t<\/div>\n\t\t<\/div>\n\t\t\t\t\t<\/div>\n\t\t<\/section>\n\t\t\t\t<section class=\"elementor-section elementor-top-section elementor-element elementor-element-b1062d0 elementor-reverse-mobile elementor-section-boxed elementor-section-height-default elementor-section-height-default\" data-id=\"b1062d0\" data-element_type=\"section\">\n\t\t\t\t\t\t<div class=\"elementor-container elementor-column-gap-wider\">\n\t\t\t\t\t<div class=\"elementor-column elementor-col-50 elementor-top-column elementor-element elementor-element-46d6bc1\" data-id=\"46d6bc1\" data-element_type=\"column\">\n\t\t\t<div class=\"elementor-widget-wrap elementor-element-populated\">\n\t\t\t\t\t\t<div class=\"elementor-element elementor-element-9ca002c elementor-widget elementor-widget-heading\" data-id=\"9ca002c\" data-element_type=\"widget\" data-widget_type=\"heading.default\">\n\t\t\t\t<div class=\"elementor-widget-container\">\n\t\t\t<h4 class=\"elementor-heading-title elementor-size-default\">Empresa verde<\/h4>\t\t<\/div>\n\t\t\t\t<\/div>\n\t\t\t\t<div class=\"elementor-element elementor-element-ccefd5b elementor-widget elementor-widget-text-editor\" data-id=\"ccefd5b\" data-element_type=\"widget\" data-widget_type=\"text-editor.default\">\n\t\t\t\t<div class=\"elementor-widget-container\">\n\t\t\t\t\t\t\t<p>Excavaciones Iluro a trav\u00e9s del presente compromiso de la Direcci\u00f3n, suscrito para todos los trabajadores, establece que todas <strong>nuestras actividades, productos y servicios<\/strong> se desarrollan desde la perspectiva de la <strong>satisfacci\u00f3n al cliente<\/strong> en las mejores condiciones de prevenci\u00f3n de riesgos y de la contaminaci\u00f3n ambiental.<\/p>\n\t\t\t\t\t\t<\/div>\n\t\t\t\t<\/div>\n\t\t\t\t<div class=\"elementor-element elementor-element-9a073dd elementor-widget elementor-widget-text-editor\" data-id=\"9a073dd\" data-element_type=\"widget\" data-widget_type=\"text-editor.default\">\n\t\t\t\t<div class=\"elementor-widget-container\">\n\t\t\t\t\t\t\t<p>Por eso, garantizamos el cumplimiento de la<strong> legislaci\u00f3n medioambiental<\/strong> aplicable y de aquellos otros requisitos t\u00e9cnicos que nos permitan la mejora continua de nuestros impactos sobre el <strong>Medio Ambiente local y global.\u00a0<\/strong><\/p>\n\t\t\t\t\t\t<\/div>\n\t\t\t\t<\/div>\n\t\t\t\t<div class=\"elementor-element elementor-element-f94a32c elementor-widget elementor-widget-text-editor\" data-id=\"f94a32c\" data-element_type=\"widget\" data-widget_type=\"text-editor.default\">\n\t\t\t\t<div class=\"elementor-widget-container\">\n\t\t\t\t\t\t\t<p>Apostamos por una <strong>econom\u00eda circular.<\/strong> Promovemos la optimizaci\u00f3n de los recursos para iniciar proyectos circulares a lo largo de toda nuestra cadena de valor.<\/p>\n<p><strong>Extraemos tierras<\/strong>, las <strong>valoramos<\/strong> y si est\u00e1n limpias y no contaminadas, las <strong>aportamos<\/strong> (con una previa licencia del ayuntamiento) a terrenos r\u00fasticos de uso agr\u00edcola con la finalidad de mejorar y nivelar para la<strong> formaci\u00f3n de planas de cultivo.\u00a0<\/strong><\/p>\n\t\t\t\t\t\t<\/div>\n\t\t\t\t<\/div>\n\t\t\t\t\t<\/div>\n\t\t<\/div>\n\t\t\t\t<div class=\"elementor-column elementor-col-50 elementor-top-column elementor-element elementor-element-6132644\" data-id=\"6132644\" data-element_type=\"column\">\n\t\t\t<div class=\"elementor-widget-wrap elementor-element-populated\">\n\t\t\t\t\t\t<div class=\"elementor-element elementor-element-b23ac32 elementor-widget elementor-widget-image\" data-id=\"b23ac32\" data-element_type=\"widget\" data-widget_type=\"image.default\">\n\t\t\t\t<div class=\"elementor-widget-container\">\n\t\t\t\t\t\t\t\t\t\t\t\t\t<img decoding=\"async\" src=\"https:\/\/excavacionsiluro.com\/wp-content\/uploads\/elementor\/thumbs\/Sin-titulo-1-pk5knc21p4lo48fk1sy6pznlqzhxbo6ajynzof2q08.png\" title=\"Sin-t\u00edtulo-1\" alt=\"Sin-t\u00edtulo-1\" loading=\"lazy\" \/>\t\t\t\t\t\t\t\t\t\t\t\t\t<\/div>\n\t\t\t\t<\/div>\n\t\t\t\t\t<\/div>\n\t\t<\/div>\n\t\t\t\t\t<\/div>\n\t\t<\/section>\n\t\t\t\t<section class=\"elementor-section elementor-top-section elementor-element elementor-element-c1cf777 elementor-section-boxed elementor-section-height-default elementor-section-height-default\" data-id=\"c1cf777\" data-element_type=\"section\" data-settings=\"{&quot;background_background&quot;:&quot;classic&quot;}\">\n\t\t\t\t\t\t<div class=\"elementor-container elementor-column-gap-no\">\n\t\t\t\t\t<div class=\"elementor-column elementor-col-100 elementor-top-column elementor-element elementor-element-7608ab7\" data-id=\"7608ab7\" data-element_type=\"column\">\n\t\t\t<div class=\"elementor-widget-wrap elementor-element-populated\">\n\t\t\t\t\t\t<section class=\"elementor-section elementor-inner-section elementor-element elementor-element-57a42fc elementor-section-boxed elementor-section-height-default elementor-section-height-default\" data-id=\"57a42fc\" data-element_type=\"section\">\n\t\t\t\t\t\t<div class=\"elementor-container elementor-column-gap-wider\">\n\t\t\t\t\t<div class=\"elementor-column elementor-col-50 elementor-inner-column elementor-element elementor-element-ee3be19\" data-id=\"ee3be19\" data-element_type=\"column\">\n\t\t\t<div class=\"elementor-widget-wrap elementor-element-populated\">\n\t\t\t\t\t\t<div class=\"elementor-element elementor-element-7efd052 elementor-widget-tablet__width-inherit elementor-widget elementor-widget-heading\" data-id=\"7efd052\" data-element_type=\"widget\" data-widget_type=\"heading.default\">\n\t\t\t\t<div class=\"elementor-widget-container\">\n\t\t\t<h3 class=\"elementor-heading-title elementor-size-default\">\u00bfQuieres m\u00e1s informaci\u00f3n?<br\/>Contacta con nosotros<\/h3>\t\t<\/div>\n\t\t\t\t<\/div>\n\t\t\t\t\t<\/div>\n\t\t<\/div>\n\t\t\t\t<div class=\"elementor-column elementor-col-50 elementor-inner-column elementor-element elementor-element-f38a7a1\" data-id=\"f38a7a1\" data-element_type=\"column\">\n\t\t\t<div class=\"elementor-widget-wrap elementor-element-populated\">\n\t\t\t\t\t\t<div class=\"elementor-element elementor-element-84d6f21 elementor-align-justify elementor-tablet-align-center elementor-widget elementor-widget-the7_button_widget\" data-id=\"84d6f21\" data-element_type=\"widget\" data-widget_type=\"the7_button_widget.default\">\n\t\t\t\t<div class=\"elementor-widget-container\">\n\t\t\t<div class=\"elementor-button-wrapper\"><a href=\"https:\/\/excavacionsiluro.com\/contacte\/\" class=\"box-button elementor-button elementor-size-xl\">Contactar<\/a><\/div>\t\t<\/div>\n\t\t\t\t<\/div>\n\t\t\t\t\t<\/div>\n\t\t<\/div>\n\t\t\t\t\t<\/div>\n\t\t<\/section>\n\t\t\t\t\t<\/div>\n\t\t<\/div>\n\t\t\t\t\t<\/div>\n\t\t<\/section>\n\t\t\t\t<\/div>\n\t\t","protected":false},"excerpt":{"rendered":"<p>Empresa verde, compromiso social, seguridad y salud EXCAVACIONS ILURO S.L.,\u00a0es una empresa que brinda sus servicios de construcci\u00f3n en el \u00e1rea de movimientos de tierra, escombros, clasificaci\u00f3n i preparaci\u00f3n de \u00e1ridos, dentro del \u00e1mbito geogr\u00e1fico de la comarca del Maresme.\u00a0 Tiene como objetivo principal dar servicio con \u00edndices \u00f3ptimos de calidad, para satisfacer las necesidades&hellip;<\/p>\n","protected":false},"author":1,"featured_media":0,"parent":0,"menu_order":20,"comment_status":"closed","ping_status":"closed","template":"elementor_header_footer","meta":{"footnotes":""},"class_list":["post-51797","page","type-page","status-publish","hentry"],"_links":{"self":[{"href":"https:\/\/excavacionsiluro.com\/es\/wp-json\/wp\/v2\/pages\/51797","targetHints":{"allow":["GET"]}}],"collection":[{"href":"https:\/\/excavacionsiluro.com\/es\/wp-json\/wp\/v2\/pages"}],"about":[{"href":"https:\/\/excavacionsiluro.com\/es\/wp-json\/wp\/v2\/types\/page"}],"author":[{"embeddable":true,"href":"https:\/\/excavacionsiluro.com\/es\/wp-json\/wp\/v2\/users\/1"}],"replies":[{"embeddable":true,"href":"https:\/\/excavacionsiluro.com\/es\/wp-json\/wp\/v2\/comments?post=51797"}],"version-history":[{"count":38,"href":"https:\/\/excavacionsiluro.com\/es\/wp-json\/wp\/v2\/pages\/51797\/revisions"}],"predecessor-version":[{"id":52627,"href":"https:\/\/excavacionsiluro.com\/es\/wp-json\/wp\/v2\/pages\/51797\/revisions\/52627"}],"wp:attachment":[{"href":"https:\/\/excavacionsiluro.com\/es\/wp-json\/wp\/v2\/media?parent=51797"}],"curies":[{"name":"wp","href":"https:\/\/api.w.org\/{rel}","templated":true}]}}