{"id":51284,"date":"2022-02-23T06:59:05","date_gmt":"2022-02-23T06:59:05","guid":{"rendered":"https:\/\/excavacionsiluro.com\/servicios\/fresado-de-pantallas\/"},"modified":"2022-03-24T08:05:55","modified_gmt":"2022-03-24T08:05:55","slug":"fresado-de-pantallas","status":"publish","type":"page","link":"https:\/\/excavacionsiluro.com\/es\/servicios\/fresado-de-pantallas\/","title":{"rendered":"Fresado de pantallas"},"content":{"rendered":"\t\t<div data-elementor-type=\"wp-page\" data-elementor-id=\"51284\" class=\"elementor elementor-51284 elementor-50203\" data-elementor-post-type=\"page\">\n\t\t\t\t\t\t<section class=\"elementor-section elementor-top-section elementor-element elementor-element-2b164d2 elementor-section-height-min-height elementor-section-boxed elementor-section-height-default elementor-section-items-middle\" data-id=\"2b164d2\" data-element_type=\"section\" data-settings=\"{&quot;background_motion_fx_translateY_effect&quot;:&quot;yes&quot;,&quot;background_background&quot;:&quot;classic&quot;,&quot;background_motion_fx_motion_fx_scrolling&quot;:&quot;yes&quot;,&quot;background_motion_fx_translateY_speed&quot;:{&quot;unit&quot;:&quot;px&quot;,&quot;size&quot;:4,&quot;sizes&quot;:[]},&quot;background_motion_fx_translateY_affectedRange&quot;:{&quot;unit&quot;:&quot;%&quot;,&quot;size&quot;:&quot;&quot;,&quot;sizes&quot;:{&quot;start&quot;:0,&quot;end&quot;:100}},&quot;background_motion_fx_devices&quot;:[&quot;desktop&quot;,&quot;tablet&quot;,&quot;mobile&quot;]}\">\n\t\t\t\t\t\t<div class=\"elementor-container elementor-column-gap-wider\">\n\t\t\t\t\t<div class=\"elementor-column elementor-col-100 elementor-top-column elementor-element elementor-element-2d90c2c\" data-id=\"2d90c2c\" data-element_type=\"column\" data-settings=\"{&quot;background_background&quot;:&quot;classic&quot;}\">\n\t\t\t<div class=\"elementor-widget-wrap elementor-element-populated\">\n\t\t\t\t\t\t<div class=\"elementor-element elementor-element-731fbfd elementor-widget__width-auto animated-fast elementor-invisible elementor-widget elementor-widget-heading\" data-id=\"731fbfd\" data-element_type=\"widget\" data-settings=\"{&quot;_animation&quot;:&quot;fadeInUp&quot;}\" data-widget_type=\"heading.default\">\n\t\t\t\t<div class=\"elementor-widget-container\">\n\t\t\t<h2 class=\"elementor-heading-title elementor-size-default\">Servicios<\/h2>\t\t<\/div>\n\t\t\t\t<\/div>\n\t\t\t\t<div class=\"elementor-element elementor-element-0d78668 elementor-widget elementor-widget-spacer\" data-id=\"0d78668\" data-element_type=\"widget\" data-widget_type=\"spacer.default\">\n\t\t\t\t<div class=\"elementor-widget-container\">\n\t\t\t\t\t<div class=\"elementor-spacer\">\n\t\t\t<div class=\"elementor-spacer-inner\"><\/div>\n\t\t<\/div>\n\t\t\t\t<\/div>\n\t\t\t\t<\/div>\n\t\t\t\t<div class=\"elementor-element elementor-element-f5f9a13 elementor-widget__width-initial elementor-invisible elementor-widget elementor-widget-heading\" data-id=\"f5f9a13\" data-element_type=\"widget\" data-settings=\"{&quot;_animation&quot;:&quot;fadeIn&quot;,&quot;_animation_delay&quot;:400}\" data-widget_type=\"heading.default\">\n\t\t\t\t<div class=\"elementor-widget-container\">\n\t\t\t<h1 class=\"elementor-heading-title elementor-size-default\">Fresado de pantallas<\/h1>\t\t<\/div>\n\t\t\t\t<\/div>\n\t\t\t\t\t<\/div>\n\t\t<\/div>\n\t\t\t\t\t<\/div>\n\t\t<\/section>\n\t\t\t\t<section class=\"elementor-section elementor-top-section elementor-element elementor-element-8ee75a1 elementor-section-boxed elementor-section-height-default elementor-section-height-default\" data-id=\"8ee75a1\" data-element_type=\"section\">\n\t\t\t\t\t\t<div class=\"elementor-container elementor-column-gap-wider\">\n\t\t\t\t\t<div class=\"elementor-column elementor-col-50 elementor-top-column elementor-element elementor-element-653fd14\" data-id=\"653fd14\" data-element_type=\"column\">\n\t\t\t<div class=\"elementor-widget-wrap elementor-element-populated\">\n\t\t\t\t\t\t<div class=\"elementor-element elementor-element-20a1022 elementor-invisible elementor-widget elementor-widget-heading\" data-id=\"20a1022\" data-element_type=\"widget\" data-settings=\"{&quot;_animation&quot;:&quot;fadeInLeft&quot;}\" data-widget_type=\"heading.default\">\n\t\t\t\t<div class=\"elementor-widget-container\">\n\t\t\t<h4 class=\"elementor-heading-title elementor-size-default\">Acabados y alisados m\u00e1s uniformes<\/h4>\t\t<\/div>\n\t\t\t\t<\/div>\n\t\t\t\t<div class=\"elementor-element elementor-element-277efcc elementor-hidden-mobile elementor-widget elementor-widget-spacer\" data-id=\"277efcc\" data-element_type=\"widget\" data-widget_type=\"spacer.default\">\n\t\t\t\t<div class=\"elementor-widget-container\">\n\t\t\t\t\t<div class=\"elementor-spacer\">\n\t\t\t<div class=\"elementor-spacer-inner\"><\/div>\n\t\t<\/div>\n\t\t\t\t<\/div>\n\t\t\t\t<\/div>\n\t\t\t\t<div class=\"elementor-element elementor-element-2735944 elementor-invisible elementor-widget elementor-widget-text-editor\" data-id=\"2735944\" data-element_type=\"widget\" data-settings=\"{&quot;_animation&quot;:&quot;fadeInLeft&quot;}\" data-widget_type=\"text-editor.default\">\n\t\t\t\t<div class=\"elementor-widget-container\">\n\t\t\t\t\t\t\t<p>Se trata de un tratamiento que se aplica a los muros pantallas o incluso a una superficie con el objetivo de darle un acabado y alisado haciendo m\u00e1s uniforme la superficie sobre la que vamos a trabajar.<\/p>\n\t\t\t\t\t\t<\/div>\n\t\t\t\t<\/div>\n\t\t\t\t<div class=\"elementor-element elementor-element-0dfc4eb elementor-invisible elementor-widget elementor-widget-text-editor\" data-id=\"0dfc4eb\" data-element_type=\"widget\" data-settings=\"{&quot;_animation&quot;:&quot;fadeInLeft&quot;}\" data-widget_type=\"text-editor.default\">\n\t\t\t\t<div class=\"elementor-widget-container\">\n\t\t\t\t\t\t\t<p>Esta maniobra se realiza con un equipo de fresado instalado en el extremo del brazo de la m\u00e1quina, que mediante movimientos m\u00e1s precisos posibles actuar\u00e1 de forma uniforme sobre la superficie a fresar.<\/p>\n\t\t\t\t\t\t<\/div>\n\t\t\t\t<\/div>\n\t\t\t\t<div class=\"elementor-element elementor-element-0ad0541 elementor-hidden-mobile elementor-widget elementor-widget-spacer\" data-id=\"0ad0541\" data-element_type=\"widget\" data-widget_type=\"spacer.default\">\n\t\t\t\t<div class=\"elementor-widget-container\">\n\t\t\t\t\t<div class=\"elementor-spacer\">\n\t\t\t<div class=\"elementor-spacer-inner\"><\/div>\n\t\t<\/div>\n\t\t\t\t<\/div>\n\t\t\t\t<\/div>\n\t\t\t\t<div class=\"elementor-element elementor-element-b3cdef4 elementor-invisible elementor-widget elementor-widget-text-editor\" data-id=\"b3cdef4\" data-element_type=\"widget\" data-settings=\"{&quot;_animation&quot;:&quot;fadeInRight&quot;}\" data-widget_type=\"text-editor.default\">\n\t\t\t\t<div class=\"elementor-widget-container\">\n\t\t\t\t\t\t\t<div class=\"box-content-wrapper\">\n<div class=\"box-content\">\n<div class=\"box-description\">\n<p>Para este tipo de trabajos utilizamos fresadoras hidr\u00e1ulicas ensambladas a una excavadora. Mediante este proceso se retira del hormig\u00f3n la capa superficial de tierra, lotes y otras imperfecciones. Con esta actuaci\u00f3n se obtienen dos beneficios: se mejora la est\u00e9tica del muro pantalla y se deja preparado para aplicar tratamientos de impermeabilizaci\u00f3n o pintura.<\/p>\n<\/div>\n<\/div>\n<\/div>\n\t\t\t\t\t\t<\/div>\n\t\t\t\t<\/div>\n\t\t\t\t<div class=\"elementor-element elementor-element-4b6fd51 elementor-invisible elementor-widget elementor-widget-text-editor\" data-id=\"4b6fd51\" data-element_type=\"widget\" data-settings=\"{&quot;_animation&quot;:&quot;fadeInRight&quot;}\" data-widget_type=\"text-editor.default\">\n\t\t\t\t<div class=\"elementor-widget-container\">\n\t\t\t\t\t\t\t<div class=\"box-content-wrapper\">\n<div class=\"box-content\">\n<div class=\"box-description\">\n<p>En Excavaciones Iluro disponemos de fresadoras adecuadas para llevar a cabo estos trabajos. Conseguimos el mejor acabado de la parte interior visible de los muros pantalla.<\/p>\n<\/div>\n<\/div>\n<\/div>\n\t\t\t\t\t\t<\/div>\n\t\t\t\t<\/div>\n\t\t\t\t\t<\/div>\n\t\t<\/div>\n\t\t\t\t<div class=\"elementor-column elementor-col-50 elementor-top-column elementor-element elementor-element-e66ec89 animated-slow elementor-hidden-tablet elementor-hidden-mobile elementor-invisible\" data-id=\"e66ec89\" data-element_type=\"column\" data-settings=\"{&quot;background_background&quot;:&quot;classic&quot;,&quot;animation&quot;:&quot;fadeIn&quot;,&quot;animation_delay&quot;:500}\">\n\t\t\t<div class=\"elementor-widget-wrap elementor-element-populated\">\n\t\t\t\t\t\t<div class=\"elementor-element elementor-element-17192ef elementor-widget elementor-widget-video\" data-id=\"17192ef\" data-element_type=\"widget\" data-settings=\"{&quot;video_type&quot;:&quot;hosted&quot;,&quot;controls&quot;:&quot;yes&quot;}\" data-widget_type=\"video.default\">\n\t\t\t\t<div class=\"elementor-widget-container\">\n\t\t\t\t\t<div class=\"e-hosted-video elementor-wrapper elementor-open-inline\">\n\t\t\t\t\t<video class=\"elementor-video\" src=\"https:\/\/excavacionsiluro.com\/wp-content\/uploads\/2022\/03\/fresat.mp4\" controls=\"\" preload=\"metadata\" controlsList=\"nodownload\"><\/video>\n\t\t\t\t<\/div>\n\t\t\t\t<\/div>\n\t\t\t\t<\/div>\n\t\t\t\t\t<\/div>\n\t\t<\/div>\n\t\t\t\t\t<\/div>\n\t\t<\/section>\n\t\t\t\t<section class=\"elementor-section elementor-top-section elementor-element elementor-element-a83618c elementor-reverse-mobile elementor-section-boxed elementor-section-height-default elementor-section-height-default\" data-id=\"a83618c\" data-element_type=\"section\">\n\t\t\t\t\t\t<div class=\"elementor-container elementor-column-gap-wider\">\n\t\t\t\t\t<div class=\"elementor-column elementor-col-100 elementor-top-column elementor-element elementor-element-5bac0ad animated-slow elementor-invisible\" data-id=\"5bac0ad\" data-element_type=\"column\" data-settings=\"{&quot;animation&quot;:&quot;fadeIn&quot;,&quot;animation_delay&quot;:500}\">\n\t\t\t<div class=\"elementor-widget-wrap elementor-element-populated\">\n\t\t\t\t\t\t<div class=\"elementor-element elementor-element-7aef50f elementor-widget elementor-widget-gallery\" data-id=\"7aef50f\" data-element_type=\"widget\" data-settings=\"{&quot;gallery_layout&quot;:&quot;masonry&quot;,&quot;lazyload&quot;:&quot;yes&quot;,&quot;columns&quot;:4,&quot;columns_tablet&quot;:2,&quot;columns_mobile&quot;:1,&quot;gap&quot;:{&quot;unit&quot;:&quot;px&quot;,&quot;size&quot;:10,&quot;sizes&quot;:[]},&quot;gap_tablet&quot;:{&quot;unit&quot;:&quot;px&quot;,&quot;size&quot;:10,&quot;sizes&quot;:[]},&quot;gap_mobile&quot;:{&quot;unit&quot;:&quot;px&quot;,&quot;size&quot;:10,&quot;sizes&quot;:[]},&quot;link_to&quot;:&quot;file&quot;,&quot;overlay_background&quot;:&quot;yes&quot;,&quot;content_hover_animation&quot;:&quot;fade-in&quot;}\" data-widget_type=\"gallery.default\">\n\t\t\t\t<div class=\"elementor-widget-container\">\n\t\t\t\t\t<div class=\"elementor-gallery__container\">\n\t\t\t\t\t\t\t<a class=\"e-gallery-item elementor-gallery-item elementor-animated-content\" href=\"https:\/\/excavacionsiluro.com\/wp-content\/uploads\/2022\/01\/01.jpg\" data-elementor-open-lightbox=\"yes\" data-elementor-lightbox-slideshow=\"7aef50f\" data-elementor-lightbox-title=\"01\" data-e-action-hash=\"#elementor-action%3Aaction%3Dlightbox%26settings%3DeyJpZCI6NTAyMDUsInVybCI6Imh0dHBzOlwvXC9leGNhdmFjaW9uc2lsdXJvLmNvbVwvd3AtY29udGVudFwvdXBsb2Fkc1wvMjAyMlwvMDFcLzAxLmpwZyIsInNsaWRlc2hvdyI6IjdhZWY1MGYifQ%3D%3D\">\n\t\t\t\t\t<div class=\"e-gallery-image elementor-gallery-item__image\" data-thumbnail=\"https:\/\/excavacionsiluro.com\/wp-content\/uploads\/2022\/01\/01-300x225.jpg\" data-width=\"300\" data-height=\"225\" aria-label=\"\" role=\"img\" ><\/div>\n\t\t\t\t\t\t\t\t\t\t\t<div class=\"elementor-gallery-item__overlay\"><\/div>\n\t\t\t\t\t\t\t\t\t\t\t\t\t\t<\/a>\n\t\t\t\t\t\t\t<a class=\"e-gallery-item elementor-gallery-item elementor-animated-content\" href=\"https:\/\/excavacionsiluro.com\/wp-content\/uploads\/2022\/01\/02.jpg\" data-elementor-open-lightbox=\"yes\" data-elementor-lightbox-slideshow=\"7aef50f\" data-elementor-lightbox-title=\"02\" data-e-action-hash=\"#elementor-action%3Aaction%3Dlightbox%26settings%3DeyJpZCI6NTAyMDYsInVybCI6Imh0dHBzOlwvXC9leGNhdmFjaW9uc2lsdXJvLmNvbVwvd3AtY29udGVudFwvdXBsb2Fkc1wvMjAyMlwvMDFcLzAyLmpwZyIsInNsaWRlc2hvdyI6IjdhZWY1MGYifQ%3D%3D\">\n\t\t\t\t\t<div class=\"e-gallery-image elementor-gallery-item__image\" data-thumbnail=\"https:\/\/excavacionsiluro.com\/wp-content\/uploads\/2022\/01\/02-300x225.jpg\" data-width=\"300\" data-height=\"225\" aria-label=\"\" role=\"img\" ><\/div>\n\t\t\t\t\t\t\t\t\t\t\t<div class=\"elementor-gallery-item__overlay\"><\/div>\n\t\t\t\t\t\t\t\t\t\t\t\t\t\t<\/a>\n\t\t\t\t\t\t\t<a class=\"e-gallery-item elementor-gallery-item elementor-animated-content\" href=\"https:\/\/excavacionsiluro.com\/wp-content\/uploads\/2022\/01\/03.jpg\" data-elementor-open-lightbox=\"yes\" data-elementor-lightbox-slideshow=\"7aef50f\" data-elementor-lightbox-title=\"03\" data-e-action-hash=\"#elementor-action%3Aaction%3Dlightbox%26settings%3DeyJpZCI6NTAyMDcsInVybCI6Imh0dHBzOlwvXC9leGNhdmFjaW9uc2lsdXJvLmNvbVwvd3AtY29udGVudFwvdXBsb2Fkc1wvMjAyMlwvMDFcLzAzLmpwZyIsInNsaWRlc2hvdyI6IjdhZWY1MGYifQ%3D%3D\">\n\t\t\t\t\t<div class=\"e-gallery-image elementor-gallery-item__image\" data-thumbnail=\"https:\/\/excavacionsiluro.com\/wp-content\/uploads\/2022\/01\/03-225x300.jpg\" data-width=\"225\" data-height=\"300\" aria-label=\"\" role=\"img\" ><\/div>\n\t\t\t\t\t\t\t\t\t\t\t<div class=\"elementor-gallery-item__overlay\"><\/div>\n\t\t\t\t\t\t\t\t\t\t\t\t\t\t<\/a>\n\t\t\t\t\t\t\t<a class=\"e-gallery-item elementor-gallery-item elementor-animated-content\" href=\"https:\/\/excavacionsiluro.com\/wp-content\/uploads\/2022\/01\/fresat.jpg\" data-elementor-open-lightbox=\"yes\" data-elementor-lightbox-slideshow=\"7aef50f\" data-elementor-lightbox-title=\"fresat\" data-e-action-hash=\"#elementor-action%3Aaction%3Dlightbox%26settings%3DeyJpZCI6NTA0NjEsInVybCI6Imh0dHBzOlwvXC9leGNhdmFjaW9uc2lsdXJvLmNvbVwvd3AtY29udGVudFwvdXBsb2Fkc1wvMjAyMlwvMDFcL2ZyZXNhdC5qcGciLCJzbGlkZXNob3ciOiI3YWVmNTBmIn0%3D\">\n\t\t\t\t\t<div class=\"e-gallery-image elementor-gallery-item__image\" data-thumbnail=\"https:\/\/excavacionsiluro.com\/wp-content\/uploads\/2022\/01\/fresat-300x225.jpg\" data-width=\"300\" data-height=\"225\" aria-label=\"\" role=\"img\" ><\/div>\n\t\t\t\t\t\t\t\t\t\t\t<div class=\"elementor-gallery-item__overlay\"><\/div>\n\t\t\t\t\t\t\t\t\t\t\t\t\t\t<\/a>\n\t\t\t\t\t<\/div>\n\t\t\t<\/div>\n\t\t\t\t<\/div>\n\t\t\t\t\t<\/div>\n\t\t<\/div>\n\t\t\t\t\t<\/div>\n\t\t<\/section>\n\t\t\t\t<section class=\"elementor-section elementor-top-section elementor-element elementor-element-7a05753 elementor-section-boxed elementor-section-height-default elementor-section-height-default\" data-id=\"7a05753\" data-element_type=\"section\" data-settings=\"{&quot;background_background&quot;:&quot;classic&quot;}\">\n\t\t\t\t\t\t\t<div class=\"elementor-background-overlay\"><\/div>\n\t\t\t\t\t\t\t<div class=\"elementor-container elementor-column-gap-wider\">\n\t\t\t\t\t<div class=\"elementor-column elementor-col-100 elementor-top-column elementor-element elementor-element-cfebfa3\" data-id=\"cfebfa3\" data-element_type=\"column\">\n\t\t\t<div class=\"elementor-widget-wrap elementor-element-populated\">\n\t\t\t\t\t\t<div class=\"elementor-element elementor-element-18f83e8 elementor-widget__width-initial elementor-invisible elementor-widget elementor-widget-heading\" data-id=\"18f83e8\" data-element_type=\"widget\" data-settings=\"{&quot;_animation&quot;:&quot;fadeIn&quot;,&quot;_animation_delay&quot;:200}\" data-widget_type=\"heading.default\">\n\t\t\t\t<div class=\"elementor-widget-container\">\n\t\t\t<h2 class=\"elementor-heading-title elementor-size-default\">\u00bfQuieres m\u00e1s informaci\u00f3n?<br\/>Contacta con nosotros<\/h2>\t\t<\/div>\n\t\t\t\t<\/div>\n\t\t\t\t<div class=\"elementor-element elementor-element-6ff9291 elementor-widget elementor-widget-spacer\" data-id=\"6ff9291\" data-element_type=\"widget\" data-widget_type=\"spacer.default\">\n\t\t\t\t<div class=\"elementor-widget-container\">\n\t\t\t\t\t<div class=\"elementor-spacer\">\n\t\t\t<div class=\"elementor-spacer-inner\"><\/div>\n\t\t<\/div>\n\t\t\t\t<\/div>\n\t\t\t\t<\/div>\n\t\t\t\t<div class=\"elementor-element elementor-element-f851c51 elementor-align-center animated-fast elementor-invisible elementor-widget elementor-widget-the7_button_widget\" data-id=\"f851c51\" data-element_type=\"widget\" data-settings=\"{&quot;_animation&quot;:&quot;fadeInUp&quot;,&quot;_animation_delay&quot;:500}\" data-widget_type=\"the7_button_widget.default\">\n\t\t\t\t<div class=\"elementor-widget-container\">\n\t\t\t<div class=\"elementor-button-wrapper\"><a href=\"https:\/\/excavacionsiluro.com\/contacte\/\" class=\"box-button elementor-button elementor-size-lg\">Contactar<\/a><\/div>\t\t<\/div>\n\t\t\t\t<\/div>\n\t\t\t\t\t<\/div>\n\t\t<\/div>\n\t\t\t\t\t<\/div>\n\t\t<\/section>\n\t\t\t\t<\/div>\n\t\t","protected":false},"excerpt":{"rendered":"<p>Servicios Fresado de pantallas Acabados y alisados m\u00e1s uniformes Se trata de un tratamiento que se aplica a los muros pantallas o incluso a una superficie con el objetivo de darle un acabado y alisado haciendo m\u00e1s uniforme la superficie sobre la que vamos a trabajar. Esta maniobra se realiza con un equipo de fresado&hellip;<\/p>\n","protected":false},"author":1,"featured_media":51130,"parent":51267,"menu_order":1,"comment_status":"closed","ping_status":"closed","template":"elementor_header_footer","meta":{"footnotes":""},"class_list":["post-51284","page","type-page","status-publish","has-post-thumbnail","hentry"],"_links":{"self":[{"href":"https:\/\/excavacionsiluro.com\/es\/wp-json\/wp\/v2\/pages\/51284","targetHints":{"allow":["GET"]}}],"collection":[{"href":"https:\/\/excavacionsiluro.com\/es\/wp-json\/wp\/v2\/pages"}],"about":[{"href":"https:\/\/excavacionsiluro.com\/es\/wp-json\/wp\/v2\/types\/page"}],"author":[{"embeddable":true,"href":"https:\/\/excavacionsiluro.com\/es\/wp-json\/wp\/v2\/users\/1"}],"replies":[{"embeddable":true,"href":"https:\/\/excavacionsiluro.com\/es\/wp-json\/wp\/v2\/comments?post=51284"}],"version-history":[{"count":2,"href":"https:\/\/excavacionsiluro.com\/es\/wp-json\/wp\/v2\/pages\/51284\/revisions"}],"predecessor-version":[{"id":52211,"href":"https:\/\/excavacionsiluro.com\/es\/wp-json\/wp\/v2\/pages\/51284\/revisions\/52211"}],"up":[{"embeddable":true,"href":"https:\/\/excavacionsiluro.com\/es\/wp-json\/wp\/v2\/pages\/51267"}],"wp:featuredmedia":[{"embeddable":true,"href":"https:\/\/excavacionsiluro.com\/es\/wp-json\/wp\/v2\/media\/51130"}],"wp:attachment":[{"href":"https:\/\/excavacionsiluro.com\/es\/wp-json\/wp\/v2\/media?parent=51284"}],"curies":[{"name":"wp","href":"https:\/\/api.w.org\/{rel}","templated":true}]}}