{"id":51268,"date":"2022-02-22T14:07:09","date_gmt":"2022-02-22T14:07:09","guid":{"rendered":"https:\/\/excavacionsiluro.com\/empresa\/"},"modified":"2022-05-13T11:31:57","modified_gmt":"2022-05-13T11:31:57","slug":"empresa","status":"publish","type":"page","link":"https:\/\/excavacionsiluro.com\/es\/empresa\/","title":{"rendered":"Empresa"},"content":{"rendered":"\t\t<div data-elementor-type=\"wp-page\" data-elementor-id=\"51268\" class=\"elementor elementor-51268 elementor-49839\" data-elementor-post-type=\"page\">\n\t\t\t\t\t\t<section class=\"elementor-section elementor-top-section elementor-element elementor-element-5ba8849 elementor-section-height-min-height elementor-section-boxed elementor-section-height-default elementor-section-items-middle\" data-id=\"5ba8849\" data-element_type=\"section\" data-settings=\"{&quot;background_background&quot;:&quot;classic&quot;}\">\n\t\t\t\t\t\t<div class=\"elementor-container elementor-column-gap-wider\">\n\t\t\t\t\t<div class=\"elementor-column elementor-col-100 elementor-top-column elementor-element elementor-element-4c9b1d9\" data-id=\"4c9b1d9\" data-element_type=\"column\">\n\t\t\t<div class=\"elementor-widget-wrap elementor-element-populated\">\n\t\t\t\t\t\t<div class=\"elementor-element elementor-element-41fe1ca elementor-widget__width-auto animated-fast elementor-invisible elementor-widget elementor-widget-heading\" data-id=\"41fe1ca\" data-element_type=\"widget\" data-settings=\"{&quot;_animation&quot;:&quot;fadeInUp&quot;}\" data-widget_type=\"heading.default\">\n\t\t\t\t<div class=\"elementor-widget-container\">\n\t\t\t<h2 class=\"elementor-heading-title elementor-size-default\">Empresa<\/h2>\t\t<\/div>\n\t\t\t\t<\/div>\n\t\t\t\t<div class=\"elementor-element elementor-element-8000ed1 elementor-widget elementor-widget-spacer\" data-id=\"8000ed1\" data-element_type=\"widget\" data-widget_type=\"spacer.default\">\n\t\t\t\t<div class=\"elementor-widget-container\">\n\t\t\t\t\t<div class=\"elementor-spacer\">\n\t\t\t<div class=\"elementor-spacer-inner\"><\/div>\n\t\t<\/div>\n\t\t\t\t<\/div>\n\t\t\t\t<\/div>\n\t\t\t\t<div class=\"elementor-element elementor-element-f5e6f26 elementor-invisible elementor-widget elementor-widget-heading\" data-id=\"f5e6f26\" data-element_type=\"widget\" data-settings=\"{&quot;_animation&quot;:&quot;fadeIn&quot;,&quot;_animation_delay&quot;:400}\" data-widget_type=\"heading.default\">\n\t\t\t\t<div class=\"elementor-widget-container\">\n\t\t\t<h1 class=\"elementor-heading-title elementor-size-default\">Exacavacions Iluro<\/h1>\t\t<\/div>\n\t\t\t\t<\/div>\n\t\t\t\t\t<\/div>\n\t\t<\/div>\n\t\t\t\t\t<\/div>\n\t\t<\/section>\n\t\t\t\t<section class=\"elementor-section elementor-top-section elementor-element elementor-element-b1062d0 elementor-reverse-mobile elementor-section-boxed elementor-section-height-default elementor-section-height-default\" data-id=\"b1062d0\" data-element_type=\"section\">\n\t\t\t\t\t\t<div class=\"elementor-container elementor-column-gap-wider\">\n\t\t\t\t\t<div class=\"elementor-column elementor-col-50 elementor-top-column elementor-element elementor-element-46d6bc1\" data-id=\"46d6bc1\" data-element_type=\"column\">\n\t\t\t<div class=\"elementor-widget-wrap elementor-element-populated\">\n\t\t\t\t\t\t<div class=\"elementor-element elementor-element-9ca002c elementor-widget elementor-widget-heading\" data-id=\"9ca002c\" data-element_type=\"widget\" data-widget_type=\"heading.default\">\n\t\t\t\t<div class=\"elementor-widget-container\">\n\t\t\t<h4 class=\"elementor-heading-title elementor-size-default\">Profesionales experimentados con la \u00faltima tecnolog\u00eda para convertir en realidad los proyectos m\u00e1s complejos.<\/h4>\t\t<\/div>\n\t\t\t\t<\/div>\n\t\t\t\t<div class=\"elementor-element elementor-element-8c8e895 elementor-widget elementor-widget-spacer\" data-id=\"8c8e895\" data-element_type=\"widget\" data-widget_type=\"spacer.default\">\n\t\t\t\t<div class=\"elementor-widget-container\">\n\t\t\t\t\t<div class=\"elementor-spacer\">\n\t\t\t<div class=\"elementor-spacer-inner\"><\/div>\n\t\t<\/div>\n\t\t\t\t<\/div>\n\t\t\t\t<\/div>\n\t\t\t\t<div class=\"elementor-element elementor-element-ccefd5b elementor-widget elementor-widget-text-editor\" data-id=\"ccefd5b\" data-element_type=\"widget\" data-widget_type=\"text-editor.default\">\n\t\t\t\t<div class=\"elementor-widget-container\">\n\t\t\t\t\t\t\t<p>Nuestra empresa se fund\u00f3 en 1960 con tractores agr\u00edcolas y fue introduci\u00e9ndose en el mundo de la construcci\u00f3n paulatinamente, a medida que iban llegando las primeras excavadoras a nuestro pa\u00eds, hasta que lleg\u00f3 a ser la actual empresa EXCAVACIONS ILURO SL, constituida en el a\u00f1o 1993 y que cuenta con una treintena de veh\u00edculos entre diferentes tipos de excavadoras y camiones.<\/p>\t\t\t\t\t\t<\/div>\n\t\t\t\t<\/div>\n\t\t\t\t<div class=\"elementor-element elementor-element-9a073dd elementor-widget elementor-widget-text-editor\" data-id=\"9a073dd\" data-element_type=\"widget\" data-widget_type=\"text-editor.default\">\n\t\t\t\t<div class=\"elementor-widget-container\">\n\t\t\t\t\t\t\t<p>Arrastra una trayectoria profesional de m\u00e1s de 60 a\u00f1os de experiencia al servicio de la construcci\u00f3n en el \u00e1rea de los movimientos de tierras, escombros, clasificaci\u00f3n y preparaci\u00f3n de \u00e1ridos, dentro del \u00e1mbito geogr\u00e1fico de la comarca del Maresme.<\/p>\t\t\t\t\t\t<\/div>\n\t\t\t\t<\/div>\n\t\t\t\t<div class=\"elementor-element elementor-element-f94a32c elementor-widget elementor-widget-text-editor\" data-id=\"f94a32c\" data-element_type=\"widget\" data-widget_type=\"text-editor.default\">\n\t\t\t\t<div class=\"elementor-widget-container\">\n\t\t\t\t\t\t\t<p>Seguimos trabajando con entusiasmo y seriedad, aportando experiencia, y dando confianza y asesoramiento que se merece nuestro cliente. <\/p>\n\t\t\t\t\t\t<\/div>\n\t\t\t\t<\/div>\n\t\t\t\t\t<\/div>\n\t\t<\/div>\n\t\t\t\t<div class=\"elementor-column elementor-col-50 elementor-top-column elementor-element elementor-element-6132644\" data-id=\"6132644\" data-element_type=\"column\">\n\t\t\t<div class=\"elementor-widget-wrap elementor-element-populated\">\n\t\t\t\t\t\t<div class=\"elementor-element elementor-element-86a4665 elementor-widget elementor-widget-image\" data-id=\"86a4665\" data-element_type=\"widget\" data-widget_type=\"image.default\">\n\t\t\t\t<div class=\"elementor-widget-container\">\n\t\t\t\t\t\t\t\t\t\t\t\t\t<img decoding=\"async\" src=\"https:\/\/excavacionsiluro.com\/wp-content\/uploads\/elementor\/thumbs\/empresa-pjmg1sd0e5kwpomrldwb4jo01s0q8de2z3hc5ys8bs.jpg\" title=\"empresa\" alt=\"empresa\" loading=\"lazy\" \/>\t\t\t\t\t\t\t\t\t\t\t\t\t<\/div>\n\t\t\t\t<\/div>\n\t\t\t\t\t<\/div>\n\t\t<\/div>\n\t\t\t\t\t<\/div>\n\t\t<\/section>\n\t\t\t\t<section class=\"elementor-section elementor-top-section elementor-element elementor-element-cdfb721 elementor-reverse-mobile elementor-section-boxed elementor-section-height-default elementor-section-height-default\" data-id=\"cdfb721\" data-element_type=\"section\">\n\t\t\t\t\t\t<div class=\"elementor-container elementor-column-gap-wider\">\n\t\t\t\t\t<div class=\"elementor-column elementor-col-50 elementor-top-column elementor-element elementor-element-7b49636\" data-id=\"7b49636\" data-element_type=\"column\">\n\t\t\t<div class=\"elementor-widget-wrap elementor-element-populated\">\n\t\t\t\t\t\t<div class=\"elementor-element elementor-element-b23ac32 elementor-widget elementor-widget-image\" data-id=\"b23ac32\" data-element_type=\"widget\" data-widget_type=\"image.default\">\n\t\t\t\t<div class=\"elementor-widget-container\">\n\t\t\t\t\t\t\t\t\t\t\t\t\t<img decoding=\"async\" src=\"https:\/\/excavacionsiluro.com\/wp-content\/uploads\/elementor\/thumbs\/Sin-titulo-1-pk5knc21p4lo48fk1sy6pznlqzhxbo6ajynzof2q08.png\" title=\"Sin-t\u00edtulo-1\" alt=\"Sin-t\u00edtulo-1\" loading=\"lazy\" \/>\t\t\t\t\t\t\t\t\t\t\t\t\t<\/div>\n\t\t\t\t<\/div>\n\t\t\t\t\t<\/div>\n\t\t<\/div>\n\t\t\t\t<div class=\"elementor-column elementor-col-50 elementor-top-column elementor-element elementor-element-9a10ba1\" data-id=\"9a10ba1\" data-element_type=\"column\">\n\t\t\t<div class=\"elementor-widget-wrap elementor-element-populated\">\n\t\t\t\t\t\t<div class=\"elementor-element elementor-element-3bb612d elementor-widget elementor-widget-heading\" data-id=\"3bb612d\" data-element_type=\"widget\" data-widget_type=\"heading.default\">\n\t\t\t\t<div class=\"elementor-widget-container\">\n\t\t\t<h4 class=\"elementor-heading-title elementor-size-default\">Detr\u00e1s de cada proyecto y m\u00e1quina, un equipo s\u00f3lido y experimentado.<\/h4>\t\t<\/div>\n\t\t\t\t<\/div>\n\t\t\t\t<div class=\"elementor-element elementor-element-68bceb9 elementor-widget elementor-widget-spacer\" data-id=\"68bceb9\" data-element_type=\"widget\" data-widget_type=\"spacer.default\">\n\t\t\t\t<div class=\"elementor-widget-container\">\n\t\t\t\t\t<div class=\"elementor-spacer\">\n\t\t\t<div class=\"elementor-spacer-inner\"><\/div>\n\t\t<\/div>\n\t\t\t\t<\/div>\n\t\t\t\t<\/div>\n\t\t\t\t<div class=\"elementor-element elementor-element-7d5c5a5 elementor-widget elementor-widget-text-editor\" data-id=\"7d5c5a5\" data-element_type=\"widget\" data-widget_type=\"text-editor.default\">\n\t\t\t\t<div class=\"elementor-widget-container\">\n\t\t\t\t\t\t\t<p>Visi\u00f3n: trabajar conjuntamente con los t\u00e9cnicos para dar\u00a0la mayor calidad<\/span>\u00a0posible en la obra.<\/p>\n\t\t\t\t\t\t<\/div>\n\t\t\t\t<\/div>\n\t\t\t\t<div class=\"elementor-element elementor-element-97d8e10 elementor-widget elementor-widget-text-editor\" data-id=\"97d8e10\" data-element_type=\"widget\" data-widget_type=\"text-editor.default\">\n\t\t\t\t<div class=\"elementor-widget-container\">\n\t\t\t\t\t\t\t<p>Misi\u00f3n: Mantener la empresa para seguir\u00a0<span class=\"hiddenGreenError\" style=\"padding-bottom: 2px; background-image: url('..\/..\/..\/..\/..\/images \/squiggle_green.png'), background-repeat: repeat-x, background-position: left bottom, cursor: default, color: #000000; size: 16px, fuente-style: normal, fuente-variante-ligaturas: normal, fuente-variante-cabezas: normal, fuente-weight: 300; letter-spacing: normal; indent: 0px; texto-transform: none; white-space: normal; widows: 2; word-spacing: 0px; -webkit-text-stroke-width: 0px; text-decoration-thickness: initial; text-decoration-style: initial; text-decoration-color: initial;\">trabajando<\/span>\u00a0con los mismos valores que\u00a0<span class=\"hiddenGrammarError\" style=\"padding-bottom: 2px; background-image: url('..\/. .\/..\/..\/..\/images\/squiggle.png'); background-repeat: repeat-x; background-position: left bottom; cursor: default; ' , helvetica, arial, sans-serif; fuente-size: 16px; fuente-style: normal; fuente-variante-ligaturas: normal; fuente-variante-cabezas: normal; fuente-weight: 300; letter-spacing: normal; orfanos: 2; texto-align: start; texto-indent: 0px; texto-transform: none; white-space: normal; widows: 2; word-spacing: 0px; -webkit-text-stroke-width: 0px; texto-decoration-thickness: initial; texto-decoration-style: initial; text-decoration-color: initial;\">han<\/span> infundado nuestros padres, los fundadores de EXCAVACIONS ILURO SL.<\/p>\t\t\t\t\t\t<\/div>\n\t\t\t\t<\/div>\n\t\t\t\t<div class=\"elementor-element elementor-element-5ab60d6 elementor-widget elementor-widget-text-editor\" data-id=\"5ab60d6\" data-element_type=\"widget\" data-widget_type=\"text-editor.default\">\n\t\t\t\t<div class=\"elementor-widget-container\">\n\t\t\t\t\t\t\t<p>Valores: calidad, eficacia, experiencia, coordinaci\u00f3n con otras empresas del sector, trato cercano con el cliente, satisfacci\u00f3n de cumplir con el trabajo bien hecho, estructura familiar y directa, atenci\u00f3n personalizada.<\/p>\n\t\t\t\t\t\t<\/div>\n\t\t\t\t<\/div>\n\t\t\t\t\t<\/div>\n\t\t<\/div>\n\t\t\t\t\t<\/div>\n\t\t<\/section>\n\t\t\t\t<section class=\"elementor-section elementor-top-section elementor-element elementor-element-c1cf777 elementor-section-boxed elementor-section-height-default elementor-section-height-default\" data-id=\"c1cf777\" data-element_type=\"section\" data-settings=\"{&quot;background_background&quot;:&quot;classic&quot;}\">\n\t\t\t\t\t\t<div class=\"elementor-container elementor-column-gap-no\">\n\t\t\t\t\t<div class=\"elementor-column elementor-col-100 elementor-top-column elementor-element elementor-element-7608ab7\" data-id=\"7608ab7\" data-element_type=\"column\">\n\t\t\t<div class=\"elementor-widget-wrap elementor-element-populated\">\n\t\t\t\t\t\t<section class=\"elementor-section elementor-inner-section elementor-element elementor-element-57a42fc elementor-section-boxed elementor-section-height-default elementor-section-height-default\" data-id=\"57a42fc\" data-element_type=\"section\">\n\t\t\t\t\t\t<div class=\"elementor-container elementor-column-gap-wider\">\n\t\t\t\t\t<div class=\"elementor-column elementor-col-50 elementor-inner-column elementor-element elementor-element-ee3be19\" data-id=\"ee3be19\" data-element_type=\"column\">\n\t\t\t<div class=\"elementor-widget-wrap elementor-element-populated\">\n\t\t\t\t\t\t<div class=\"elementor-element elementor-element-7efd052 elementor-widget-tablet__width-inherit elementor-widget elementor-widget-heading\" data-id=\"7efd052\" data-element_type=\"widget\" data-widget_type=\"heading.default\">\n\t\t\t\t<div class=\"elementor-widget-container\">\n\t\t\t<h3 class=\"elementor-heading-title elementor-size-default\">\u00bfQuieres m\u00e1s informaci\u00f3n?<br\/>Contacta con nosotros<\/h3>\t\t<\/div>\n\t\t\t\t<\/div>\n\t\t\t\t\t<\/div>\n\t\t<\/div>\n\t\t\t\t<div class=\"elementor-column elementor-col-50 elementor-inner-column elementor-element elementor-element-f38a7a1\" data-id=\"f38a7a1\" data-element_type=\"column\">\n\t\t\t<div class=\"elementor-widget-wrap elementor-element-populated\">\n\t\t\t\t\t\t<div class=\"elementor-element elementor-element-84d6f21 elementor-align-justify elementor-tablet-align-center elementor-widget elementor-widget-the7_button_widget\" data-id=\"84d6f21\" data-element_type=\"widget\" data-widget_type=\"the7_button_widget.default\">\n\t\t\t\t<div class=\"elementor-widget-container\">\n\t\t\t<div class=\"elementor-button-wrapper\"><a href=\"https:\/\/excavacionsiluro.com\/contacte\/\" class=\"box-button elementor-button elementor-size-xl\">Contactar<\/a><\/div>\t\t<\/div>\n\t\t\t\t<\/div>\n\t\t\t\t\t<\/div>\n\t\t<\/div>\n\t\t\t\t\t<\/div>\n\t\t<\/section>\n\t\t\t\t\t<\/div>\n\t\t<\/div>\n\t\t\t\t\t<\/div>\n\t\t<\/section>\n\t\t\t\t<\/div>\n\t\t","protected":false},"excerpt":{"rendered":"<p>Empresa Exacavacions Iluro Profesionales experimentados con la \u00faltima tecnolog\u00eda para convertir en realidad los proyectos m\u00e1s complejos. Nuestra empresa se fund\u00f3 en 1960 con tractores agr\u00edcolas y fue introduci\u00e9ndose en el mundo de la construcci\u00f3n paulatinamente, a medida que iban llegando las primeras excavadoras a nuestro pa\u00eds, hasta que lleg\u00f3 a ser la actual empresa&hellip;<\/p>\n","protected":false},"author":1,"featured_media":0,"parent":0,"menu_order":20,"comment_status":"closed","ping_status":"closed","template":"elementor_header_footer","meta":{"footnotes":""},"class_list":["post-51268","page","type-page","status-publish","hentry"],"_links":{"self":[{"href":"https:\/\/excavacionsiluro.com\/es\/wp-json\/wp\/v2\/pages\/51268","targetHints":{"allow":["GET"]}}],"collection":[{"href":"https:\/\/excavacionsiluro.com\/es\/wp-json\/wp\/v2\/pages"}],"about":[{"href":"https:\/\/excavacionsiluro.com\/es\/wp-json\/wp\/v2\/types\/page"}],"author":[{"embeddable":true,"href":"https:\/\/excavacionsiluro.com\/es\/wp-json\/wp\/v2\/users\/1"}],"replies":[{"embeddable":true,"href":"https:\/\/excavacionsiluro.com\/es\/wp-json\/wp\/v2\/comments?post=51268"}],"version-history":[{"count":29,"href":"https:\/\/excavacionsiluro.com\/es\/wp-json\/wp\/v2\/pages\/51268\/revisions"}],"predecessor-version":[{"id":52404,"href":"https:\/\/excavacionsiluro.com\/es\/wp-json\/wp\/v2\/pages\/51268\/revisions\/52404"}],"wp:attachment":[{"href":"https:\/\/excavacionsiluro.com\/es\/wp-json\/wp\/v2\/media?parent=51268"}],"curies":[{"name":"wp","href":"https:\/\/api.w.org\/{rel}","templated":true}]}}